{"id":462,"date":"2025-02-23T23:37:49","date_gmt":"2025-02-23T23:37:49","guid":{"rendered":"https:\/\/puidukoda.pl\/?post_type=product&#038;p=462"},"modified":"2025-05-30T09:50:51","modified_gmt":"2025-05-30T09:50:51","slug":"rothoblaas-uniwersalna-tasma-butylowa-jednostronnie-klejaca-black-band","status":"publish","type":"product","link":"https:\/\/puidukoda.pl\/en\/produkt\/rothoblaas-uniwersalna-tasma-butylowa-jednostronnie-klejaca-black-band\/","title":{"rendered":"ROTHOBLAAS UNIWERSALNA TA\u015aMA BUTYLOWA JEDNOSTRONNIE KLEJ\u0104CA BLACK BAND"},"content":{"rendered":"<p>\n\tBLACK BAND to wszechstronna <strong>ta\u015bma klej\u0105ca butylowa<\/strong>. Samozgrzewalna i wysoce odkszta\u0142calna, dopasowuje si\u0119 do kszta\u0142t&oacute;w powierzchni, na kt&oacute;rych jest stosowana. Uniwersalna i rozpr\u0119\u017cana do 300 %, skutecznie uszczelnia wszelkie szczeliny na najbardziej powszechnych materia\u0142ach budowlanych.<\/p>\n<p>\n\tUniwersalna ta\u015bma klej\u0105ca butylowa BLACK BAND jest idealnym rozwi\u0105zaniem do uszczelniania rur, otwor&oacute;w wentylacyjnych i innych element&oacute;w o nieregularnym przekroju. \u0141atwa do stosowania i bardzo plastyczna, zachowuje swoj\u0105 elastyczno\u015b\u0107 r&oacute;wnie\u017c w zimnym \u015brodowisku. Idealna do \u0142atwego uszczelniania trudno dost\u0119pnych w\u0119z\u0142&oacute;w i bardzo nieregularnych powierzchni.<\/p>\n<p>\n\tFormu\u0142a <strong>uniwersalnej ta\u015bmy butylowej<\/strong> ze zmodyfikowanym butylem zapewnia doskona\u0142\u0105 trwa\u0142o\u015b\u0107 nawet w warunkach napr\u0119\u017ce\u0144 termicznych i sprawia, \u017ce nadaje si\u0119 on do nak\u0142adania r&oacute;wnie\u017c w niskich temperaturach. Folia z u\u0142atwionym uwalnianiem zapewnia szybki monta\u017c. Wersja 80 mm posiada naci\u0119ty liner, u\u0142atwiaj\u0105c monta\u017c w naro\u017cnikach lub na z\u0142o\u017conych powierzchniach.<\/p>\n","protected":false},"excerpt":{"rendered":"<p>BLACK BAND to wszechstronna ta\u015bma klej\u0105ca butylowa. <\/p>\n","protected":false},"featured_media":10587,"template":"","meta":{"_acf_changed":false,"inline_featured_image":false},"product_brand":[],"product_cat":[93],"product_tag":[],"class_list":{"0":"post-462","1":"product","2":"type-product","3":"status-publish","4":"has-post-thumbnail","6":"product_cat-produkty-do-montazu-tarasow-i-elewacji","8":"first","9":"instock","10":"taxable","11":"shipping-taxable","12":"product-type-simple"},"acf":[],"yoast_head":"<!-- This site is optimized with the Yoast SEO Premium plugin v27.3 (Yoast SEO v27.4) - https:\/\/yoast.com\/product\/yoast-seo-premium-wordpress\/ -->\n<title>ROTHOBLAAS UNIWERSALNA TA\u015aMA BUTYLOWA JEDNOSTRONNIE KLEJ\u0104CA BLACK BAND - Drewno Esto\u0144skie<\/title>\n<meta name=\"robots\" content=\"index, follow, max-snippet:-1, max-image-preview:large, max-video-preview:-1\" \/>\n<link rel=\"canonical\" href=\"https:\/\/puidukoda.pl\/en\/produkt\/rothoblaas-uniwersalna-tasma-butylowa-jednostronnie-klejaca-black-band\/\" \/>\n<meta property=\"og:locale\" content=\"en_US\" \/>\n<meta property=\"og:type\" content=\"article\" \/>\n<meta property=\"og:title\" content=\"ROTHOBLAAS UNIWERSALNA TA\u015aMA BUTYLOWA JEDNOSTRONNIE KLEJ\u0104CA BLACK BAND\" \/>\n<meta property=\"og:description\" content=\"BLACK BAND to wszechstronna ta\u015bma klej\u0105ca butylowa.\" \/>\n<meta property=\"og:url\" content=\"https:\/\/puidukoda.pl\/en\/produkt\/rothoblaas-uniwersalna-tasma-butylowa-jednostronnie-klejaca-black-band\/\" \/>\n<meta property=\"og:site_name\" content=\"Drewno Esto\u0144skie\" \/>\n<meta property=\"article:publisher\" content=\"https:\/\/www.facebook.com\/drewnoestonskie\" \/>\n<meta property=\"article:modified_time\" content=\"2025-05-30T09:50:51+00:00\" \/>\n<meta property=\"og:image\" content=\"https:\/\/puidukoda.pl\/wp-content\/uploads\/2025\/02\/1520.jpg\" \/>\n\t<meta property=\"og:image:width\" content=\"800\" \/>\n\t<meta property=\"og:image:height\" content=\"600\" \/>\n\t<meta property=\"og:image:type\" content=\"image\/jpeg\" \/>\n<meta name=\"twitter:card\" content=\"summary_large_image\" \/>\n<meta name=\"twitter:label1\" content=\"Est. reading time\" \/>\n\t<meta name=\"twitter:data1\" content=\"1 minute\" \/>\n<script type=\"application\/ld+json\" class=\"yoast-schema-graph\">{\"@context\":\"https:\\\/\\\/schema.org\",\"@graph\":[{\"@type\":\"WebPage\",\"@id\":\"https:\\\/\\\/puidukoda.pl\\\/en\\\/produkt\\\/rothoblaas-uniwersalna-tasma-butylowa-jednostronnie-klejaca-black-band\\\/\",\"url\":\"https:\\\/\\\/puidukoda.pl\\\/en\\\/produkt\\\/rothoblaas-uniwersalna-tasma-butylowa-jednostronnie-klejaca-black-band\\\/\",\"name\":\"ROTHOBLAAS UNIWERSALNA TA\u015aMA BUTYLOWA JEDNOSTRONNIE KLEJ\u0104CA BLACK BAND - Drewno Esto\u0144skie\",\"isPartOf\":{\"@id\":\"https:\\\/\\\/puidukoda.pl\\\/en\\\/#website\"},\"primaryImageOfPage\":{\"@id\":\"https:\\\/\\\/puidukoda.pl\\\/en\\\/produkt\\\/rothoblaas-uniwersalna-tasma-butylowa-jednostronnie-klejaca-black-band\\\/#primaryimage\"},\"image\":{\"@id\":\"https:\\\/\\\/puidukoda.pl\\\/en\\\/produkt\\\/rothoblaas-uniwersalna-tasma-butylowa-jednostronnie-klejaca-black-band\\\/#primaryimage\"},\"thumbnailUrl\":\"https:\\\/\\\/puidukoda.pl\\\/wp-content\\\/uploads\\\/2025\\\/02\\\/1520.jpg\",\"datePublished\":\"2025-02-23T23:37:49+00:00\",\"dateModified\":\"2025-05-30T09:50:51+00:00\",\"breadcrumb\":{\"@id\":\"https:\\\/\\\/puidukoda.pl\\\/en\\\/produkt\\\/rothoblaas-uniwersalna-tasma-butylowa-jednostronnie-klejaca-black-band\\\/#breadcrumb\"},\"inLanguage\":\"en-US\",\"potentialAction\":[{\"@type\":\"ReadAction\",\"target\":[\"https:\\\/\\\/puidukoda.pl\\\/en\\\/produkt\\\/rothoblaas-uniwersalna-tasma-butylowa-jednostronnie-klejaca-black-band\\\/\"]}]},{\"@type\":\"ImageObject\",\"inLanguage\":\"en-US\",\"@id\":\"https:\\\/\\\/puidukoda.pl\\\/en\\\/produkt\\\/rothoblaas-uniwersalna-tasma-butylowa-jednostronnie-klejaca-black-band\\\/#primaryimage\",\"url\":\"https:\\\/\\\/puidukoda.pl\\\/wp-content\\\/uploads\\\/2025\\\/02\\\/1520.jpg\",\"contentUrl\":\"https:\\\/\\\/puidukoda.pl\\\/wp-content\\\/uploads\\\/2025\\\/02\\\/1520.jpg\",\"width\":800,\"height\":600},{\"@type\":\"BreadcrumbList\",\"@id\":\"https:\\\/\\\/puidukoda.pl\\\/en\\\/produkt\\\/rothoblaas-uniwersalna-tasma-butylowa-jednostronnie-klejaca-black-band\\\/#breadcrumb\",\"itemListElement\":[{\"@type\":\"ListItem\",\"position\":1,\"name\":\"Drewno esto\u0144skie\",\"item\":\"https:\\\/\\\/puidukoda.pl\\\/en\\\/\"},{\"@type\":\"ListItem\",\"position\":2,\"name\":\"Shop\",\"item\":\"https:\\\/\\\/puidukoda.pl\\\/en\\\/shop\\\/\"},{\"@type\":\"ListItem\",\"position\":3,\"name\":\"ROTHOBLAAS UNIWERSALNA TA\u015aMA BUTYLOWA JEDNOSTRONNIE KLEJ\u0104CA BLACK BAND\"}]},{\"@type\":\"WebSite\",\"@id\":\"https:\\\/\\\/puidukoda.pl\\\/en\\\/#website\",\"url\":\"https:\\\/\\\/puidukoda.pl\\\/en\\\/\",\"name\":\"Drewno Esto\u0144skie\",\"description\":\"\",\"publisher\":{\"@id\":\"https:\\\/\\\/puidukoda.pl\\\/en\\\/#organization\"},\"potentialAction\":[{\"@type\":\"SearchAction\",\"target\":{\"@type\":\"EntryPoint\",\"urlTemplate\":\"https:\\\/\\\/puidukoda.pl\\\/en\\\/?s={search_term_string}\"},\"query-input\":{\"@type\":\"PropertyValueSpecification\",\"valueRequired\":true,\"valueName\":\"search_term_string\"}}],\"inLanguage\":\"en-US\"},{\"@type\":\"Organization\",\"@id\":\"https:\\\/\\\/puidukoda.pl\\\/en\\\/#organization\",\"name\":\"Drewno Esto\u0144skie\",\"url\":\"https:\\\/\\\/puidukoda.pl\\\/en\\\/\",\"logo\":{\"@type\":\"ImageObject\",\"inLanguage\":\"en-US\",\"@id\":\"https:\\\/\\\/puidukoda.pl\\\/en\\\/#\\\/schema\\\/logo\\\/image\\\/\",\"url\":\"https:\\\/\\\/puidukoda.pl\\\/wp-content\\\/uploads\\\/2024\\\/12\\\/puidukoda_polska_logo_v9.png\",\"contentUrl\":\"https:\\\/\\\/puidukoda.pl\\\/wp-content\\\/uploads\\\/2024\\\/12\\\/puidukoda_polska_logo_v9.png\",\"width\":1642,\"height\":357,\"caption\":\"Drewno Esto\u0144skie\"},\"image\":{\"@id\":\"https:\\\/\\\/puidukoda.pl\\\/en\\\/#\\\/schema\\\/logo\\\/image\\\/\"},\"sameAs\":[\"https:\\\/\\\/www.facebook.com\\\/drewnoestonskie\",\"https:\\\/\\\/www.instagram.com\\\/puidukodapolska\\\/\",\"https:\\\/\\\/www.facebook.com\\\/piszpuidukoda\",\"https:\\\/\\\/www.facebook.com\\\/zamoscpuidukoda\",\"https:\\\/\\\/www.facebook.com\\\/lublinpuidukoda\",\"https:\\\/\\\/www.facebook.com\\\/koninpuidukoda\"]}]}<\/script>\n<!-- \/ Yoast SEO Premium plugin. -->","yoast_head_json":{"title":"ROTHOBLAAS UNIWERSALNA TA\u015aMA BUTYLOWA JEDNOSTRONNIE KLEJ\u0104CA BLACK BAND - Drewno Esto\u0144skie","robots":{"index":"index","follow":"follow","max-snippet":"max-snippet:-1","max-image-preview":"max-image-preview:large","max-video-preview":"max-video-preview:-1"},"canonical":"https:\/\/puidukoda.pl\/en\/produkt\/rothoblaas-uniwersalna-tasma-butylowa-jednostronnie-klejaca-black-band\/","og_locale":"en_US","og_type":"article","og_title":"ROTHOBLAAS UNIWERSALNA TA\u015aMA BUTYLOWA JEDNOSTRONNIE KLEJ\u0104CA BLACK BAND","og_description":"BLACK BAND to wszechstronna ta\u015bma klej\u0105ca butylowa.","og_url":"https:\/\/puidukoda.pl\/en\/produkt\/rothoblaas-uniwersalna-tasma-butylowa-jednostronnie-klejaca-black-band\/","og_site_name":"Drewno Esto\u0144skie","article_publisher":"https:\/\/www.facebook.com\/drewnoestonskie","article_modified_time":"2025-05-30T09:50:51+00:00","og_image":[{"width":800,"height":600,"url":"https:\/\/puidukoda.pl\/wp-content\/uploads\/2025\/02\/1520.jpg","type":"image\/jpeg"}],"twitter_card":"summary_large_image","twitter_misc":{"Est. reading time":"1 minute"},"schema":{"@context":"https:\/\/schema.org","@graph":[{"@type":"WebPage","@id":"https:\/\/puidukoda.pl\/en\/produkt\/rothoblaas-uniwersalna-tasma-butylowa-jednostronnie-klejaca-black-band\/","url":"https:\/\/puidukoda.pl\/en\/produkt\/rothoblaas-uniwersalna-tasma-butylowa-jednostronnie-klejaca-black-band\/","name":"ROTHOBLAAS UNIWERSALNA TA\u015aMA BUTYLOWA JEDNOSTRONNIE KLEJ\u0104CA BLACK BAND - Drewno Esto\u0144skie","isPartOf":{"@id":"https:\/\/puidukoda.pl\/en\/#website"},"primaryImageOfPage":{"@id":"https:\/\/puidukoda.pl\/en\/produkt\/rothoblaas-uniwersalna-tasma-butylowa-jednostronnie-klejaca-black-band\/#primaryimage"},"image":{"@id":"https:\/\/puidukoda.pl\/en\/produkt\/rothoblaas-uniwersalna-tasma-butylowa-jednostronnie-klejaca-black-band\/#primaryimage"},"thumbnailUrl":"https:\/\/puidukoda.pl\/wp-content\/uploads\/2025\/02\/1520.jpg","datePublished":"2025-02-23T23:37:49+00:00","dateModified":"2025-05-30T09:50:51+00:00","breadcrumb":{"@id":"https:\/\/puidukoda.pl\/en\/produkt\/rothoblaas-uniwersalna-tasma-butylowa-jednostronnie-klejaca-black-band\/#breadcrumb"},"inLanguage":"en-US","potentialAction":[{"@type":"ReadAction","target":["https:\/\/puidukoda.pl\/en\/produkt\/rothoblaas-uniwersalna-tasma-butylowa-jednostronnie-klejaca-black-band\/"]}]},{"@type":"ImageObject","inLanguage":"en-US","@id":"https:\/\/puidukoda.pl\/en\/produkt\/rothoblaas-uniwersalna-tasma-butylowa-jednostronnie-klejaca-black-band\/#primaryimage","url":"https:\/\/puidukoda.pl\/wp-content\/uploads\/2025\/02\/1520.jpg","contentUrl":"https:\/\/puidukoda.pl\/wp-content\/uploads\/2025\/02\/1520.jpg","width":800,"height":600},{"@type":"BreadcrumbList","@id":"https:\/\/puidukoda.pl\/en\/produkt\/rothoblaas-uniwersalna-tasma-butylowa-jednostronnie-klejaca-black-band\/#breadcrumb","itemListElement":[{"@type":"ListItem","position":1,"name":"Drewno esto\u0144skie","item":"https:\/\/puidukoda.pl\/en\/"},{"@type":"ListItem","position":2,"name":"Shop","item":"https:\/\/puidukoda.pl\/en\/shop\/"},{"@type":"ListItem","position":3,"name":"ROTHOBLAAS UNIWERSALNA TA\u015aMA BUTYLOWA JEDNOSTRONNIE KLEJ\u0104CA BLACK BAND"}]},{"@type":"WebSite","@id":"https:\/\/puidukoda.pl\/en\/#website","url":"https:\/\/puidukoda.pl\/en\/","name":"Drewno Esto\u0144skie","description":"","publisher":{"@id":"https:\/\/puidukoda.pl\/en\/#organization"},"potentialAction":[{"@type":"SearchAction","target":{"@type":"EntryPoint","urlTemplate":"https:\/\/puidukoda.pl\/en\/?s={search_term_string}"},"query-input":{"@type":"PropertyValueSpecification","valueRequired":true,"valueName":"search_term_string"}}],"inLanguage":"en-US"},{"@type":"Organization","@id":"https:\/\/puidukoda.pl\/en\/#organization","name":"Drewno Esto\u0144skie","url":"https:\/\/puidukoda.pl\/en\/","logo":{"@type":"ImageObject","inLanguage":"en-US","@id":"https:\/\/puidukoda.pl\/en\/#\/schema\/logo\/image\/","url":"https:\/\/puidukoda.pl\/wp-content\/uploads\/2024\/12\/puidukoda_polska_logo_v9.png","contentUrl":"https:\/\/puidukoda.pl\/wp-content\/uploads\/2024\/12\/puidukoda_polska_logo_v9.png","width":1642,"height":357,"caption":"Drewno Esto\u0144skie"},"image":{"@id":"https:\/\/puidukoda.pl\/en\/#\/schema\/logo\/image\/"},"sameAs":["https:\/\/www.facebook.com\/drewnoestonskie","https:\/\/www.instagram.com\/puidukodapolska\/","https:\/\/www.facebook.com\/piszpuidukoda","https:\/\/www.facebook.com\/zamoscpuidukoda","https:\/\/www.facebook.com\/lublinpuidukoda","https:\/\/www.facebook.com\/koninpuidukoda"]}]}},"_links":{"self":[{"href":"https:\/\/puidukoda.pl\/en\/wp-json\/wp\/v2\/product\/462","targetHints":{"allow":["GET"]}}],"collection":[{"href":"https:\/\/puidukoda.pl\/en\/wp-json\/wp\/v2\/product"}],"about":[{"href":"https:\/\/puidukoda.pl\/en\/wp-json\/wp\/v2\/types\/product"}],"version-history":[{"count":1,"href":"https:\/\/puidukoda.pl\/en\/wp-json\/wp\/v2\/product\/462\/revisions"}],"predecessor-version":[{"id":10589,"href":"https:\/\/puidukoda.pl\/en\/wp-json\/wp\/v2\/product\/462\/revisions\/10589"}],"wp:featuredmedia":[{"embeddable":true,"href":"https:\/\/puidukoda.pl\/en\/wp-json\/wp\/v2\/media\/10587"}],"wp:attachment":[{"href":"https:\/\/puidukoda.pl\/en\/wp-json\/wp\/v2\/media?parent=462"}],"wp:term":[{"taxonomy":"product_brand","embeddable":true,"href":"https:\/\/puidukoda.pl\/en\/wp-json\/wp\/v2\/product_brand?post=462"},{"taxonomy":"product_cat","embeddable":true,"href":"https:\/\/puidukoda.pl\/en\/wp-json\/wp\/v2\/product_cat?post=462"},{"taxonomy":"product_tag","embeddable":true,"href":"https:\/\/puidukoda.pl\/en\/wp-json\/wp\/v2\/product_tag?post=462"}],"curies":[{"name":"wp","href":"https:\/\/api.w.org\/{rel}","templated":true}]}}