{"id":458,"date":"2025-02-23T23:37:44","date_gmt":"2025-02-23T23:37:44","guid":{"rendered":"https:\/\/puidukoda.pl\/?post_type=product&#038;p=458"},"modified":"2025-05-30T09:57:48","modified_gmt":"2025-05-30T09:57:48","slug":"essve-edgefast-gwozdziarka-do-ukrytego-montazu-desek-tarasowych","status":"publish","type":"product","link":"https:\/\/puidukoda.pl\/en\/produkt\/essve-edgefast-gwozdziarka-do-ukrytego-montazu-desek-tarasowych\/","title":{"rendered":"ESSVE EDGEFAST GWO\u0179DZIARKA DO UKRYTEGO MONTA\u017bU DESEK TARASOWYCH"},"content":{"rendered":"<p>\n\tGwo\u017adziarka pneumatyczna do ukrytego monta\u017cu desek tarasowych.<\/p>\n<ul class=\"list list--vertical glossary__list\">\n<li>\n\t\t<span class=\"glossary__label\"><span class=\"glossary__label\">Waga [kg] <\/span><span class=\"glossary__value\">3.4<\/span><\/span><\/li>\n<li>\n\t\t<span class=\"glossary__label\">G\u0142\u0119boko\u015b\u0107<\/span><span class=\"glossary__value\"> 383<\/span><\/li>\n<li>\n\t\t<span class=\"glossary__label\">\u015arednica gwo\u017adzia <\/span><span class=\"glossary__value\">7-3&#215;1,8<\/span><\/li>\n<li>\n\t\t<span class=\"glossary__label\">D\u0142ugo\u015b\u0107 gwo\u017adzia<\/span><span class=\"glossary__value\"> 57<\/span><\/li>\n<li>\n\t\t<span class=\"glossary__label\">Zu\u017cycie powietrza <\/span><span class=\"glossary__value\">2.5<\/span><\/li>\n<li>\n\t\t<span class=\"glossary__label\">Wysoko\u015b\u0107<\/span><span class=\"glossary__value\"> 404<\/span><\/li>\n<li>\n\t\t<span class=\"glossary__label\">Wibracje<\/span><span class=\"glossary__value\"> 3.92<\/span><\/li>\n<li>\n\t\t<span class=\"glossary__label\">Szeroko\u015b\u0107 <\/span><span class=\"glossary__value\">120<\/span><\/li>\n<li>\n\t\t<span class=\"glossary__label\">Poziom g\u0142o\u015bno\u015bci LVA<\/span><span class=\"glossary__value\"> 104.4<\/span><\/li>\n<li>\n\t\t<span class=\"glossary__label\">Poziom g\u0142o\u015bno\u015bci LPA<\/span><span class=\"glossary__value\"> 91.4<\/span><\/li>\n<li>\n\t\t<span class=\"glossary__label\">Pojemno\u015b\u0107 magazynku<\/span><span class=\"glossary__value\"> 100<\/span><\/li>\n<li>\n\t\t<span class=\"glossary__label\">Max.ci\u015bnienie<\/span><span class=\"glossary__value\"> 8<\/span><\/li>\n<li>\n\t\t<span class=\"glossary__label\">Min. ci\u015bnienie<\/span><span class=\"glossary__value\"> 5<\/span><\/li>\n<li>\n\t\t<span class=\"glossary__label\">D\u0142ugo\u015b\u0107 <\/span><span class=\"glossary__value\">404<\/span><\/li>\n<\/ul>\n","protected":false},"excerpt":{"rendered":"<p>Gwo\u017adziarka pneumatyczna do ukrytego monta\u017cu desek tarasowych.<\/p>\n","protected":false},"featured_media":10564,"template":"","meta":{"_acf_changed":false,"inline_featured_image":false},"product_brand":[],"product_cat":[93],"product_tag":[],"class_list":{"0":"post-458","1":"product","2":"type-product","3":"status-publish","4":"has-post-thumbnail","6":"product_cat-produkty-do-montazu-tarasow-i-elewacji","8":"first","9":"instock","10":"taxable","11":"shipping-taxable","12":"product-type-simple"},"acf":[],"yoast_head":"<!-- This site is optimized with the Yoast SEO Premium plugin v27.3 (Yoast SEO v27.4) - https:\/\/yoast.com\/product\/yoast-seo-premium-wordpress\/ -->\n<title>ESSVE EDGEFAST GWO\u0179DZIARKA DO UKRYTEGO MONTA\u017bU DESEK TARASOWYCH - Drewno Esto\u0144skie<\/title>\n<meta name=\"robots\" content=\"index, follow, max-snippet:-1, max-image-preview:large, max-video-preview:-1\" \/>\n<link rel=\"canonical\" href=\"https:\/\/puidukoda.pl\/en\/produkt\/essve-edgefast-gwozdziarka-do-ukrytego-montazu-desek-tarasowych\/\" \/>\n<meta property=\"og:locale\" content=\"en_US\" \/>\n<meta property=\"og:type\" content=\"article\" \/>\n<meta property=\"og:title\" content=\"ESSVE EDGEFAST GWO\u0179DZIARKA DO UKRYTEGO MONTA\u017bU DESEK TARASOWYCH\" \/>\n<meta property=\"og:description\" content=\"Gwo\u017adziarka pneumatyczna do ukrytego monta\u017cu desek tarasowych.\" \/>\n<meta property=\"og:url\" content=\"https:\/\/puidukoda.pl\/en\/produkt\/essve-edgefast-gwozdziarka-do-ukrytego-montazu-desek-tarasowych\/\" \/>\n<meta property=\"og:site_name\" content=\"Drewno Esto\u0144skie\" \/>\n<meta property=\"article:publisher\" content=\"https:\/\/www.facebook.com\/drewnoestonskie\" \/>\n<meta property=\"article:modified_time\" content=\"2025-05-30T09:57:48+00:00\" \/>\n<meta property=\"og:image\" content=\"https:\/\/puidukoda.pl\/wp-content\/uploads\/2025\/02\/1514.jpg\" \/>\n\t<meta property=\"og:image:width\" content=\"986\" \/>\n\t<meta property=\"og:image:height\" content=\"786\" \/>\n\t<meta property=\"og:image:type\" content=\"image\/jpeg\" \/>\n<meta name=\"twitter:card\" content=\"summary_large_image\" \/>\n<script type=\"application\/ld+json\" class=\"yoast-schema-graph\">{\"@context\":\"https:\\\/\\\/schema.org\",\"@graph\":[{\"@type\":\"WebPage\",\"@id\":\"https:\\\/\\\/puidukoda.pl\\\/en\\\/produkt\\\/essve-edgefast-gwozdziarka-do-ukrytego-montazu-desek-tarasowych\\\/\",\"url\":\"https:\\\/\\\/puidukoda.pl\\\/en\\\/produkt\\\/essve-edgefast-gwozdziarka-do-ukrytego-montazu-desek-tarasowych\\\/\",\"name\":\"ESSVE EDGEFAST GWO\u0179DZIARKA DO UKRYTEGO MONTA\u017bU DESEK TARASOWYCH - Drewno Esto\u0144skie\",\"isPartOf\":{\"@id\":\"https:\\\/\\\/puidukoda.pl\\\/en\\\/#website\"},\"primaryImageOfPage\":{\"@id\":\"https:\\\/\\\/puidukoda.pl\\\/en\\\/produkt\\\/essve-edgefast-gwozdziarka-do-ukrytego-montazu-desek-tarasowych\\\/#primaryimage\"},\"image\":{\"@id\":\"https:\\\/\\\/puidukoda.pl\\\/en\\\/produkt\\\/essve-edgefast-gwozdziarka-do-ukrytego-montazu-desek-tarasowych\\\/#primaryimage\"},\"thumbnailUrl\":\"https:\\\/\\\/puidukoda.pl\\\/wp-content\\\/uploads\\\/2025\\\/02\\\/1514.jpg\",\"datePublished\":\"2025-02-23T23:37:44+00:00\",\"dateModified\":\"2025-05-30T09:57:48+00:00\",\"breadcrumb\":{\"@id\":\"https:\\\/\\\/puidukoda.pl\\\/en\\\/produkt\\\/essve-edgefast-gwozdziarka-do-ukrytego-montazu-desek-tarasowych\\\/#breadcrumb\"},\"inLanguage\":\"en-US\",\"potentialAction\":[{\"@type\":\"ReadAction\",\"target\":[\"https:\\\/\\\/puidukoda.pl\\\/en\\\/produkt\\\/essve-edgefast-gwozdziarka-do-ukrytego-montazu-desek-tarasowych\\\/\"]}]},{\"@type\":\"ImageObject\",\"inLanguage\":\"en-US\",\"@id\":\"https:\\\/\\\/puidukoda.pl\\\/en\\\/produkt\\\/essve-edgefast-gwozdziarka-do-ukrytego-montazu-desek-tarasowych\\\/#primaryimage\",\"url\":\"https:\\\/\\\/puidukoda.pl\\\/wp-content\\\/uploads\\\/2025\\\/02\\\/1514.jpg\",\"contentUrl\":\"https:\\\/\\\/puidukoda.pl\\\/wp-content\\\/uploads\\\/2025\\\/02\\\/1514.jpg\",\"width\":986,\"height\":786},{\"@type\":\"BreadcrumbList\",\"@id\":\"https:\\\/\\\/puidukoda.pl\\\/en\\\/produkt\\\/essve-edgefast-gwozdziarka-do-ukrytego-montazu-desek-tarasowych\\\/#breadcrumb\",\"itemListElement\":[{\"@type\":\"ListItem\",\"position\":1,\"name\":\"Drewno esto\u0144skie\",\"item\":\"https:\\\/\\\/puidukoda.pl\\\/en\\\/\"},{\"@type\":\"ListItem\",\"position\":2,\"name\":\"Shop\",\"item\":\"https:\\\/\\\/puidukoda.pl\\\/en\\\/shop\\\/\"},{\"@type\":\"ListItem\",\"position\":3,\"name\":\"ESSVE EDGEFAST GWO\u0179DZIARKA DO UKRYTEGO MONTA\u017bU DESEK TARASOWYCH\"}]},{\"@type\":\"WebSite\",\"@id\":\"https:\\\/\\\/puidukoda.pl\\\/en\\\/#website\",\"url\":\"https:\\\/\\\/puidukoda.pl\\\/en\\\/\",\"name\":\"Drewno Esto\u0144skie\",\"description\":\"\",\"publisher\":{\"@id\":\"https:\\\/\\\/puidukoda.pl\\\/en\\\/#organization\"},\"potentialAction\":[{\"@type\":\"SearchAction\",\"target\":{\"@type\":\"EntryPoint\",\"urlTemplate\":\"https:\\\/\\\/puidukoda.pl\\\/en\\\/?s={search_term_string}\"},\"query-input\":{\"@type\":\"PropertyValueSpecification\",\"valueRequired\":true,\"valueName\":\"search_term_string\"}}],\"inLanguage\":\"en-US\"},{\"@type\":\"Organization\",\"@id\":\"https:\\\/\\\/puidukoda.pl\\\/en\\\/#organization\",\"name\":\"Drewno Esto\u0144skie\",\"url\":\"https:\\\/\\\/puidukoda.pl\\\/en\\\/\",\"logo\":{\"@type\":\"ImageObject\",\"inLanguage\":\"en-US\",\"@id\":\"https:\\\/\\\/puidukoda.pl\\\/en\\\/#\\\/schema\\\/logo\\\/image\\\/\",\"url\":\"https:\\\/\\\/puidukoda.pl\\\/wp-content\\\/uploads\\\/2024\\\/12\\\/puidukoda_polska_logo_v9.png\",\"contentUrl\":\"https:\\\/\\\/puidukoda.pl\\\/wp-content\\\/uploads\\\/2024\\\/12\\\/puidukoda_polska_logo_v9.png\",\"width\":1642,\"height\":357,\"caption\":\"Drewno Esto\u0144skie\"},\"image\":{\"@id\":\"https:\\\/\\\/puidukoda.pl\\\/en\\\/#\\\/schema\\\/logo\\\/image\\\/\"},\"sameAs\":[\"https:\\\/\\\/www.facebook.com\\\/drewnoestonskie\",\"https:\\\/\\\/www.instagram.com\\\/puidukodapolska\\\/\",\"https:\\\/\\\/www.facebook.com\\\/piszpuidukoda\",\"https:\\\/\\\/www.facebook.com\\\/zamoscpuidukoda\",\"https:\\\/\\\/www.facebook.com\\\/lublinpuidukoda\",\"https:\\\/\\\/www.facebook.com\\\/koninpuidukoda\"]}]}<\/script>\n<!-- \/ Yoast SEO Premium plugin. -->","yoast_head_json":{"title":"ESSVE EDGEFAST GWO\u0179DZIARKA DO UKRYTEGO MONTA\u017bU DESEK TARASOWYCH - Drewno Esto\u0144skie","robots":{"index":"index","follow":"follow","max-snippet":"max-snippet:-1","max-image-preview":"max-image-preview:large","max-video-preview":"max-video-preview:-1"},"canonical":"https:\/\/puidukoda.pl\/en\/produkt\/essve-edgefast-gwozdziarka-do-ukrytego-montazu-desek-tarasowych\/","og_locale":"en_US","og_type":"article","og_title":"ESSVE EDGEFAST GWO\u0179DZIARKA DO UKRYTEGO MONTA\u017bU DESEK TARASOWYCH","og_description":"Gwo\u017adziarka pneumatyczna do ukrytego monta\u017cu desek tarasowych.","og_url":"https:\/\/puidukoda.pl\/en\/produkt\/essve-edgefast-gwozdziarka-do-ukrytego-montazu-desek-tarasowych\/","og_site_name":"Drewno Esto\u0144skie","article_publisher":"https:\/\/www.facebook.com\/drewnoestonskie","article_modified_time":"2025-05-30T09:57:48+00:00","og_image":[{"width":986,"height":786,"url":"https:\/\/puidukoda.pl\/wp-content\/uploads\/2025\/02\/1514.jpg","type":"image\/jpeg"}],"twitter_card":"summary_large_image","schema":{"@context":"https:\/\/schema.org","@graph":[{"@type":"WebPage","@id":"https:\/\/puidukoda.pl\/en\/produkt\/essve-edgefast-gwozdziarka-do-ukrytego-montazu-desek-tarasowych\/","url":"https:\/\/puidukoda.pl\/en\/produkt\/essve-edgefast-gwozdziarka-do-ukrytego-montazu-desek-tarasowych\/","name":"ESSVE EDGEFAST GWO\u0179DZIARKA DO UKRYTEGO MONTA\u017bU DESEK TARASOWYCH - Drewno Esto\u0144skie","isPartOf":{"@id":"https:\/\/puidukoda.pl\/en\/#website"},"primaryImageOfPage":{"@id":"https:\/\/puidukoda.pl\/en\/produkt\/essve-edgefast-gwozdziarka-do-ukrytego-montazu-desek-tarasowych\/#primaryimage"},"image":{"@id":"https:\/\/puidukoda.pl\/en\/produkt\/essve-edgefast-gwozdziarka-do-ukrytego-montazu-desek-tarasowych\/#primaryimage"},"thumbnailUrl":"https:\/\/puidukoda.pl\/wp-content\/uploads\/2025\/02\/1514.jpg","datePublished":"2025-02-23T23:37:44+00:00","dateModified":"2025-05-30T09:57:48+00:00","breadcrumb":{"@id":"https:\/\/puidukoda.pl\/en\/produkt\/essve-edgefast-gwozdziarka-do-ukrytego-montazu-desek-tarasowych\/#breadcrumb"},"inLanguage":"en-US","potentialAction":[{"@type":"ReadAction","target":["https:\/\/puidukoda.pl\/en\/produkt\/essve-edgefast-gwozdziarka-do-ukrytego-montazu-desek-tarasowych\/"]}]},{"@type":"ImageObject","inLanguage":"en-US","@id":"https:\/\/puidukoda.pl\/en\/produkt\/essve-edgefast-gwozdziarka-do-ukrytego-montazu-desek-tarasowych\/#primaryimage","url":"https:\/\/puidukoda.pl\/wp-content\/uploads\/2025\/02\/1514.jpg","contentUrl":"https:\/\/puidukoda.pl\/wp-content\/uploads\/2025\/02\/1514.jpg","width":986,"height":786},{"@type":"BreadcrumbList","@id":"https:\/\/puidukoda.pl\/en\/produkt\/essve-edgefast-gwozdziarka-do-ukrytego-montazu-desek-tarasowych\/#breadcrumb","itemListElement":[{"@type":"ListItem","position":1,"name":"Drewno esto\u0144skie","item":"https:\/\/puidukoda.pl\/en\/"},{"@type":"ListItem","position":2,"name":"Shop","item":"https:\/\/puidukoda.pl\/en\/shop\/"},{"@type":"ListItem","position":3,"name":"ESSVE EDGEFAST GWO\u0179DZIARKA DO UKRYTEGO MONTA\u017bU DESEK TARASOWYCH"}]},{"@type":"WebSite","@id":"https:\/\/puidukoda.pl\/en\/#website","url":"https:\/\/puidukoda.pl\/en\/","name":"Drewno Esto\u0144skie","description":"","publisher":{"@id":"https:\/\/puidukoda.pl\/en\/#organization"},"potentialAction":[{"@type":"SearchAction","target":{"@type":"EntryPoint","urlTemplate":"https:\/\/puidukoda.pl\/en\/?s={search_term_string}"},"query-input":{"@type":"PropertyValueSpecification","valueRequired":true,"valueName":"search_term_string"}}],"inLanguage":"en-US"},{"@type":"Organization","@id":"https:\/\/puidukoda.pl\/en\/#organization","name":"Drewno Esto\u0144skie","url":"https:\/\/puidukoda.pl\/en\/","logo":{"@type":"ImageObject","inLanguage":"en-US","@id":"https:\/\/puidukoda.pl\/en\/#\/schema\/logo\/image\/","url":"https:\/\/puidukoda.pl\/wp-content\/uploads\/2024\/12\/puidukoda_polska_logo_v9.png","contentUrl":"https:\/\/puidukoda.pl\/wp-content\/uploads\/2024\/12\/puidukoda_polska_logo_v9.png","width":1642,"height":357,"caption":"Drewno Esto\u0144skie"},"image":{"@id":"https:\/\/puidukoda.pl\/en\/#\/schema\/logo\/image\/"},"sameAs":["https:\/\/www.facebook.com\/drewnoestonskie","https:\/\/www.instagram.com\/puidukodapolska\/","https:\/\/www.facebook.com\/piszpuidukoda","https:\/\/www.facebook.com\/zamoscpuidukoda","https:\/\/www.facebook.com\/lublinpuidukoda","https:\/\/www.facebook.com\/koninpuidukoda"]}]}},"_links":{"self":[{"href":"https:\/\/puidukoda.pl\/en\/wp-json\/wp\/v2\/product\/458","targetHints":{"allow":["GET"]}}],"collection":[{"href":"https:\/\/puidukoda.pl\/en\/wp-json\/wp\/v2\/product"}],"about":[{"href":"https:\/\/puidukoda.pl\/en\/wp-json\/wp\/v2\/types\/product"}],"version-history":[{"count":1,"href":"https:\/\/puidukoda.pl\/en\/wp-json\/wp\/v2\/product\/458\/revisions"}],"predecessor-version":[{"id":10566,"href":"https:\/\/puidukoda.pl\/en\/wp-json\/wp\/v2\/product\/458\/revisions\/10566"}],"wp:featuredmedia":[{"embeddable":true,"href":"https:\/\/puidukoda.pl\/en\/wp-json\/wp\/v2\/media\/10564"}],"wp:attachment":[{"href":"https:\/\/puidukoda.pl\/en\/wp-json\/wp\/v2\/media?parent=458"}],"wp:term":[{"taxonomy":"product_brand","embeddable":true,"href":"https:\/\/puidukoda.pl\/en\/wp-json\/wp\/v2\/product_brand?post=458"},{"taxonomy":"product_cat","embeddable":true,"href":"https:\/\/puidukoda.pl\/en\/wp-json\/wp\/v2\/product_cat?post=458"},{"taxonomy":"product_tag","embeddable":true,"href":"https:\/\/puidukoda.pl\/en\/wp-json\/wp\/v2\/product_tag?post=458"}],"curies":[{"name":"wp","href":"https:\/\/api.w.org\/{rel}","templated":true}]}}