{"id":452,"date":"2025-02-23T23:37:41","date_gmt":"2025-02-23T23:37:41","guid":{"rendered":"https:\/\/puidukoda.pl\/?post_type=product&#038;p=452"},"modified":"2025-05-30T10:01:06","modified_gmt":"2025-05-30T10:01:06","slug":"rothoblaas-lacznik-ukryty-do-tarasow-terralock","status":"publish","type":"product","link":"https:\/\/puidukoda.pl\/en\/produkt\/rothoblaas-lacznik-ukryty-do-tarasow-terralock\/","title":{"rendered":"ROTHOBLAAS \u0141\u0104CZNIK UKRYTY DO TARAS\u00d3W TERRALOCK"},"content":{"rendered":"<div class=\"product-header__description\">\n<div class=\"font-sm@ms light text-color-light\">\n<p>\n\t\t\t<strong>\u0141\u0105cznik ukryty<\/strong> <strong>TERRALOCK<\/strong> do wykonywania drewnianych taras&oacute;w i ok\u0142adzin fasadowych zapewnia ca\u0142kowicie ukryte mocowanie desek drewnianych.<\/p>\n<p>\n\t\t\tDost\u0119pne kolory: CZARNY (ze stali w\u0119glowej), BR\u0104ZOWY (z tworzywa sztucznego).<\/p>\n<p>\n\t\t\t<strong>Wykonany ze stali w\u0119glowej<\/strong>, dost\u0119pny jest r&oacute;wnie\u017c w wersji z <strong>tworzywa sztucznego (TERRALOCK PP)<\/strong> dla ** \u015brodowisk morskich**.<\/p>\n<p>\n\t\t\t<strong>TERRALOCK<\/strong> jest <strong>ca\u0142kowicie ukrytym \u0142\u0105cznikiem do taras&oacute;w i fasad<\/strong>, co gwarantuje doskona\u0142y efekt estetyczny. Mikrowentylacja pod deskami zapobiega zastojom wody oraz gwarantuje <strong>doskona\u0142\u0105 trwa\u0142o\u015b\u0107<\/strong>.<\/p>\n<p>\n\t\t\tZwi\u0119kszona powierzchnia podparcia zapobiega zgnieceniu konstrukcji no \u015bnej. Dzi\u0119ki ogranicznikowi monta\u017cowemu <strong>ka\u017cdy \u0142\u0105cznik mo\u017ce by\u0107 umieszczony z najwy\u017csz\u0105 precyzj\u0105<\/strong>. Ogranicznik monta\u017cowy zapewnia precyzyjne pozycjonowanie ka\u017cdego \u0142\u0105cznika; <strong>otwory fasolkowe<\/strong> pozwalaj\u0105 na naturalny ruch drewna.<\/p>\n<p>\n\t\t\tSystem oferuje mo\u017cliwo\u015b\u0107 wymiany poszczeg&oacute;lnych desek. Wykonany ze stali w\u0119glowej z <strong>kolorow\u0105 pow\u0142ok\u0105 antykorozyjn\u0105<\/strong>, dost\u0119pny jest r&oacute;wnie\u017c w wersji z <strong>br\u0105zowego polipropylenu (TERRALOCK PP)<\/strong>, przeznaczonego do wykonywania taras&oacute;w w pobli\u017cu \u015brodowisk wodnych.<\/p>\n<p>\n\t\t\t<strong>TERRALOCK<\/strong> przeznaczony jest do mocowania na zewn\u0105trz desek drewnianych lub z WPC na konstrukcjach no \u015bnych drewnianych, WPC lub aluminiowych. Zgodny z wymogami klas u\u017cytkowania 1, 2 i 3.<\/p>\n<p>\n\t\t\t&nbsp;<\/p>\n<\/p><\/div>\n<\/div>\n","protected":false},"excerpt":{"rendered":"<p>\u0141\u0105cznik ukryty TERRALOCK do wykonywania drewnianych taras\u00f3w i ok\u0142adzin fasadowych zapewnia ca\u0142kowicie ukryte mocowanie desek drewnianych.<br \/>\nDost\u0119pne kolory: BR\u0104ZOWY I CZARNY<\/p>\n","protected":false},"featured_media":10553,"template":"","meta":{"_acf_changed":false,"inline_featured_image":false},"product_brand":[],"product_cat":[93],"product_tag":[],"class_list":{"0":"post-452","1":"product","2":"type-product","3":"status-publish","4":"has-post-thumbnail","6":"product_cat-produkty-do-montazu-tarasow-i-elewacji","8":"first","9":"instock","10":"taxable","11":"shipping-taxable","12":"product-type-simple"},"acf":[],"yoast_head":"<!-- This site is optimized with the Yoast SEO Premium plugin v27.3 (Yoast SEO v27.4) - https:\/\/yoast.com\/product\/yoast-seo-premium-wordpress\/ -->\n<title>ROTHOBLAAS \u0141\u0104CZNIK UKRYTY DO TARAS\u00d3W TERRALOCK - Drewno Esto\u0144skie<\/title>\n<meta name=\"robots\" content=\"index, follow, max-snippet:-1, max-image-preview:large, max-video-preview:-1\" \/>\n<link rel=\"canonical\" href=\"https:\/\/puidukoda.pl\/en\/produkt\/rothoblaas-lacznik-ukryty-do-tarasow-terralock\/\" \/>\n<meta property=\"og:locale\" content=\"en_US\" \/>\n<meta property=\"og:type\" content=\"article\" \/>\n<meta property=\"og:title\" content=\"ROTHOBLAAS \u0141\u0104CZNIK UKRYTY DO TARAS\u00d3W TERRALOCK\" \/>\n<meta property=\"og:description\" content=\"\u0141\u0105cznik ukryty TERRALOCK do wykonywania drewnianych taras\u00f3w i ok\u0142adzin fasadowych zapewnia ca\u0142kowicie ukryte mocowanie desek drewnianych. Dost\u0119pne kolory: BR\u0104ZOWY I CZARNY\" \/>\n<meta property=\"og:url\" content=\"https:\/\/puidukoda.pl\/en\/produkt\/rothoblaas-lacznik-ukryty-do-tarasow-terralock\/\" \/>\n<meta property=\"og:site_name\" content=\"Drewno Esto\u0144skie\" \/>\n<meta property=\"article:publisher\" content=\"https:\/\/www.facebook.com\/drewnoestonskie\" \/>\n<meta property=\"article:modified_time\" content=\"2025-05-30T10:01:06+00:00\" \/>\n<meta property=\"og:image\" content=\"https:\/\/puidukoda.pl\/wp-content\/uploads\/2025\/02\/1505.jpg\" \/>\n\t<meta property=\"og:image:width\" content=\"800\" \/>\n\t<meta property=\"og:image:height\" content=\"600\" \/>\n\t<meta property=\"og:image:type\" content=\"image\/jpeg\" \/>\n<meta name=\"twitter:card\" content=\"summary_large_image\" \/>\n<meta name=\"twitter:label1\" content=\"Est. reading time\" \/>\n\t<meta name=\"twitter:data1\" content=\"1 minute\" \/>\n<script type=\"application\/ld+json\" class=\"yoast-schema-graph\">{\"@context\":\"https:\\\/\\\/schema.org\",\"@graph\":[{\"@type\":\"WebPage\",\"@id\":\"https:\\\/\\\/puidukoda.pl\\\/en\\\/produkt\\\/rothoblaas-lacznik-ukryty-do-tarasow-terralock\\\/\",\"url\":\"https:\\\/\\\/puidukoda.pl\\\/en\\\/produkt\\\/rothoblaas-lacznik-ukryty-do-tarasow-terralock\\\/\",\"name\":\"ROTHOBLAAS \u0141\u0104CZNIK UKRYTY DO TARAS\u00d3W TERRALOCK - Drewno Esto\u0144skie\",\"isPartOf\":{\"@id\":\"https:\\\/\\\/puidukoda.pl\\\/en\\\/#website\"},\"primaryImageOfPage\":{\"@id\":\"https:\\\/\\\/puidukoda.pl\\\/en\\\/produkt\\\/rothoblaas-lacznik-ukryty-do-tarasow-terralock\\\/#primaryimage\"},\"image\":{\"@id\":\"https:\\\/\\\/puidukoda.pl\\\/en\\\/produkt\\\/rothoblaas-lacznik-ukryty-do-tarasow-terralock\\\/#primaryimage\"},\"thumbnailUrl\":\"https:\\\/\\\/puidukoda.pl\\\/wp-content\\\/uploads\\\/2025\\\/02\\\/1505.jpg\",\"datePublished\":\"2025-02-23T23:37:41+00:00\",\"dateModified\":\"2025-05-30T10:01:06+00:00\",\"breadcrumb\":{\"@id\":\"https:\\\/\\\/puidukoda.pl\\\/en\\\/produkt\\\/rothoblaas-lacznik-ukryty-do-tarasow-terralock\\\/#breadcrumb\"},\"inLanguage\":\"en-US\",\"potentialAction\":[{\"@type\":\"ReadAction\",\"target\":[\"https:\\\/\\\/puidukoda.pl\\\/en\\\/produkt\\\/rothoblaas-lacznik-ukryty-do-tarasow-terralock\\\/\"]}]},{\"@type\":\"ImageObject\",\"inLanguage\":\"en-US\",\"@id\":\"https:\\\/\\\/puidukoda.pl\\\/en\\\/produkt\\\/rothoblaas-lacznik-ukryty-do-tarasow-terralock\\\/#primaryimage\",\"url\":\"https:\\\/\\\/puidukoda.pl\\\/wp-content\\\/uploads\\\/2025\\\/02\\\/1505.jpg\",\"contentUrl\":\"https:\\\/\\\/puidukoda.pl\\\/wp-content\\\/uploads\\\/2025\\\/02\\\/1505.jpg\",\"width\":800,\"height\":600},{\"@type\":\"BreadcrumbList\",\"@id\":\"https:\\\/\\\/puidukoda.pl\\\/en\\\/produkt\\\/rothoblaas-lacznik-ukryty-do-tarasow-terralock\\\/#breadcrumb\",\"itemListElement\":[{\"@type\":\"ListItem\",\"position\":1,\"name\":\"Drewno esto\u0144skie\",\"item\":\"https:\\\/\\\/puidukoda.pl\\\/en\\\/\"},{\"@type\":\"ListItem\",\"position\":2,\"name\":\"Shop\",\"item\":\"https:\\\/\\\/puidukoda.pl\\\/en\\\/shop\\\/\"},{\"@type\":\"ListItem\",\"position\":3,\"name\":\"ROTHOBLAAS \u0141\u0104CZNIK UKRYTY DO TARAS\u00d3W TERRALOCK\"}]},{\"@type\":\"WebSite\",\"@id\":\"https:\\\/\\\/puidukoda.pl\\\/en\\\/#website\",\"url\":\"https:\\\/\\\/puidukoda.pl\\\/en\\\/\",\"name\":\"Drewno Esto\u0144skie\",\"description\":\"\",\"publisher\":{\"@id\":\"https:\\\/\\\/puidukoda.pl\\\/en\\\/#organization\"},\"potentialAction\":[{\"@type\":\"SearchAction\",\"target\":{\"@type\":\"EntryPoint\",\"urlTemplate\":\"https:\\\/\\\/puidukoda.pl\\\/en\\\/?s={search_term_string}\"},\"query-input\":{\"@type\":\"PropertyValueSpecification\",\"valueRequired\":true,\"valueName\":\"search_term_string\"}}],\"inLanguage\":\"en-US\"},{\"@type\":\"Organization\",\"@id\":\"https:\\\/\\\/puidukoda.pl\\\/en\\\/#organization\",\"name\":\"Drewno Esto\u0144skie\",\"url\":\"https:\\\/\\\/puidukoda.pl\\\/en\\\/\",\"logo\":{\"@type\":\"ImageObject\",\"inLanguage\":\"en-US\",\"@id\":\"https:\\\/\\\/puidukoda.pl\\\/en\\\/#\\\/schema\\\/logo\\\/image\\\/\",\"url\":\"https:\\\/\\\/puidukoda.pl\\\/wp-content\\\/uploads\\\/2024\\\/12\\\/puidukoda_polska_logo_v9.png\",\"contentUrl\":\"https:\\\/\\\/puidukoda.pl\\\/wp-content\\\/uploads\\\/2024\\\/12\\\/puidukoda_polska_logo_v9.png\",\"width\":1642,\"height\":357,\"caption\":\"Drewno Esto\u0144skie\"},\"image\":{\"@id\":\"https:\\\/\\\/puidukoda.pl\\\/en\\\/#\\\/schema\\\/logo\\\/image\\\/\"},\"sameAs\":[\"https:\\\/\\\/www.facebook.com\\\/drewnoestonskie\",\"https:\\\/\\\/www.instagram.com\\\/puidukodapolska\\\/\",\"https:\\\/\\\/www.facebook.com\\\/piszpuidukoda\",\"https:\\\/\\\/www.facebook.com\\\/zamoscpuidukoda\",\"https:\\\/\\\/www.facebook.com\\\/lublinpuidukoda\",\"https:\\\/\\\/www.facebook.com\\\/koninpuidukoda\"]}]}<\/script>\n<!-- \/ Yoast SEO Premium plugin. -->","yoast_head_json":{"title":"ROTHOBLAAS \u0141\u0104CZNIK UKRYTY DO TARAS\u00d3W TERRALOCK - Drewno Esto\u0144skie","robots":{"index":"index","follow":"follow","max-snippet":"max-snippet:-1","max-image-preview":"max-image-preview:large","max-video-preview":"max-video-preview:-1"},"canonical":"https:\/\/puidukoda.pl\/en\/produkt\/rothoblaas-lacznik-ukryty-do-tarasow-terralock\/","og_locale":"en_US","og_type":"article","og_title":"ROTHOBLAAS \u0141\u0104CZNIK UKRYTY DO TARAS\u00d3W TERRALOCK","og_description":"\u0141\u0105cznik ukryty TERRALOCK do wykonywania drewnianych taras\u00f3w i ok\u0142adzin fasadowych zapewnia ca\u0142kowicie ukryte mocowanie desek drewnianych. Dost\u0119pne kolory: BR\u0104ZOWY I CZARNY","og_url":"https:\/\/puidukoda.pl\/en\/produkt\/rothoblaas-lacznik-ukryty-do-tarasow-terralock\/","og_site_name":"Drewno Esto\u0144skie","article_publisher":"https:\/\/www.facebook.com\/drewnoestonskie","article_modified_time":"2025-05-30T10:01:06+00:00","og_image":[{"width":800,"height":600,"url":"https:\/\/puidukoda.pl\/wp-content\/uploads\/2025\/02\/1505.jpg","type":"image\/jpeg"}],"twitter_card":"summary_large_image","twitter_misc":{"Est. reading time":"1 minute"},"schema":{"@context":"https:\/\/schema.org","@graph":[{"@type":"WebPage","@id":"https:\/\/puidukoda.pl\/en\/produkt\/rothoblaas-lacznik-ukryty-do-tarasow-terralock\/","url":"https:\/\/puidukoda.pl\/en\/produkt\/rothoblaas-lacznik-ukryty-do-tarasow-terralock\/","name":"ROTHOBLAAS \u0141\u0104CZNIK UKRYTY DO TARAS\u00d3W TERRALOCK - Drewno Esto\u0144skie","isPartOf":{"@id":"https:\/\/puidukoda.pl\/en\/#website"},"primaryImageOfPage":{"@id":"https:\/\/puidukoda.pl\/en\/produkt\/rothoblaas-lacznik-ukryty-do-tarasow-terralock\/#primaryimage"},"image":{"@id":"https:\/\/puidukoda.pl\/en\/produkt\/rothoblaas-lacznik-ukryty-do-tarasow-terralock\/#primaryimage"},"thumbnailUrl":"https:\/\/puidukoda.pl\/wp-content\/uploads\/2025\/02\/1505.jpg","datePublished":"2025-02-23T23:37:41+00:00","dateModified":"2025-05-30T10:01:06+00:00","breadcrumb":{"@id":"https:\/\/puidukoda.pl\/en\/produkt\/rothoblaas-lacznik-ukryty-do-tarasow-terralock\/#breadcrumb"},"inLanguage":"en-US","potentialAction":[{"@type":"ReadAction","target":["https:\/\/puidukoda.pl\/en\/produkt\/rothoblaas-lacznik-ukryty-do-tarasow-terralock\/"]}]},{"@type":"ImageObject","inLanguage":"en-US","@id":"https:\/\/puidukoda.pl\/en\/produkt\/rothoblaas-lacznik-ukryty-do-tarasow-terralock\/#primaryimage","url":"https:\/\/puidukoda.pl\/wp-content\/uploads\/2025\/02\/1505.jpg","contentUrl":"https:\/\/puidukoda.pl\/wp-content\/uploads\/2025\/02\/1505.jpg","width":800,"height":600},{"@type":"BreadcrumbList","@id":"https:\/\/puidukoda.pl\/en\/produkt\/rothoblaas-lacznik-ukryty-do-tarasow-terralock\/#breadcrumb","itemListElement":[{"@type":"ListItem","position":1,"name":"Drewno esto\u0144skie","item":"https:\/\/puidukoda.pl\/en\/"},{"@type":"ListItem","position":2,"name":"Shop","item":"https:\/\/puidukoda.pl\/en\/shop\/"},{"@type":"ListItem","position":3,"name":"ROTHOBLAAS \u0141\u0104CZNIK UKRYTY DO TARAS\u00d3W TERRALOCK"}]},{"@type":"WebSite","@id":"https:\/\/puidukoda.pl\/en\/#website","url":"https:\/\/puidukoda.pl\/en\/","name":"Drewno Esto\u0144skie","description":"","publisher":{"@id":"https:\/\/puidukoda.pl\/en\/#organization"},"potentialAction":[{"@type":"SearchAction","target":{"@type":"EntryPoint","urlTemplate":"https:\/\/puidukoda.pl\/en\/?s={search_term_string}"},"query-input":{"@type":"PropertyValueSpecification","valueRequired":true,"valueName":"search_term_string"}}],"inLanguage":"en-US"},{"@type":"Organization","@id":"https:\/\/puidukoda.pl\/en\/#organization","name":"Drewno Esto\u0144skie","url":"https:\/\/puidukoda.pl\/en\/","logo":{"@type":"ImageObject","inLanguage":"en-US","@id":"https:\/\/puidukoda.pl\/en\/#\/schema\/logo\/image\/","url":"https:\/\/puidukoda.pl\/wp-content\/uploads\/2024\/12\/puidukoda_polska_logo_v9.png","contentUrl":"https:\/\/puidukoda.pl\/wp-content\/uploads\/2024\/12\/puidukoda_polska_logo_v9.png","width":1642,"height":357,"caption":"Drewno Esto\u0144skie"},"image":{"@id":"https:\/\/puidukoda.pl\/en\/#\/schema\/logo\/image\/"},"sameAs":["https:\/\/www.facebook.com\/drewnoestonskie","https:\/\/www.instagram.com\/puidukodapolska\/","https:\/\/www.facebook.com\/piszpuidukoda","https:\/\/www.facebook.com\/zamoscpuidukoda","https:\/\/www.facebook.com\/lublinpuidukoda","https:\/\/www.facebook.com\/koninpuidukoda"]}]}},"_links":{"self":[{"href":"https:\/\/puidukoda.pl\/en\/wp-json\/wp\/v2\/product\/452","targetHints":{"allow":["GET"]}}],"collection":[{"href":"https:\/\/puidukoda.pl\/en\/wp-json\/wp\/v2\/product"}],"about":[{"href":"https:\/\/puidukoda.pl\/en\/wp-json\/wp\/v2\/types\/product"}],"version-history":[{"count":1,"href":"https:\/\/puidukoda.pl\/en\/wp-json\/wp\/v2\/product\/452\/revisions"}],"predecessor-version":[{"id":10555,"href":"https:\/\/puidukoda.pl\/en\/wp-json\/wp\/v2\/product\/452\/revisions\/10555"}],"wp:featuredmedia":[{"embeddable":true,"href":"https:\/\/puidukoda.pl\/en\/wp-json\/wp\/v2\/media\/10553"}],"wp:attachment":[{"href":"https:\/\/puidukoda.pl\/en\/wp-json\/wp\/v2\/media?parent=452"}],"wp:term":[{"taxonomy":"product_brand","embeddable":true,"href":"https:\/\/puidukoda.pl\/en\/wp-json\/wp\/v2\/product_brand?post=452"},{"taxonomy":"product_cat","embeddable":true,"href":"https:\/\/puidukoda.pl\/en\/wp-json\/wp\/v2\/product_cat?post=452"},{"taxonomy":"product_tag","embeddable":true,"href":"https:\/\/puidukoda.pl\/en\/wp-json\/wp\/v2\/product_tag?post=452"}],"curies":[{"name":"wp","href":"https:\/\/api.w.org\/{rel}","templated":true}]}}