{"id":451,"date":"2025-02-23T23:37:40","date_gmt":"2025-02-23T23:37:40","guid":{"rendered":"https:\/\/puidukoda.pl\/?post_type=product&#038;p=451"},"modified":"2025-05-30T10:02:58","modified_gmt":"2025-05-30T10:02:58","slug":"rothoblaas-lacznik-lock-35x100-120x20-ukryty-z-uchwytem-drewno-drewno","status":"publish","type":"product","link":"https:\/\/puidukoda.pl\/en\/produkt\/rothoblaas-lacznik-lock-35x100-120x20-ukryty-z-uchwytem-drewno-drewno\/","title":{"rendered":"ROTHOBLAAS \u0141\u0104CZNIK LOCK 35X100\/120X20 UKRYTY Z UCHWYTEM DREWNO-DREWNO"},"content":{"rendered":"<div class=\"product-header__description\">\n<div class=\"font-sm@ms light text-color-light\">\n<p>\n\t\t\t<strong>LOCK T<\/strong> to innowacyjna <strong>p\u0142ytka z uchwytem do ca\u0142kowicie ukrytych po\u0142\u0105cze\u0144 drewno-drewno<\/strong>, kt&oacute;ra zapewnia wyj\u0105tkow\u0105 wytrzyma\u0142o\u015b\u0107.<\/p>\n<p>\n\t\t\t\u0141atwa do demonta\u017cu, przeznaczona jest do tworzenia <strong>konstrukcji tymczasowych<\/strong>. Mo\u017ce by\u0107 stosowana jako <strong>\u0142\u0105cznik ukryty<\/strong>, r&oacute;wnie\u017c z elementami o zmniejszonym przekroju.<\/p>\n<p>\n\t\t\t<strong>Przeznaczona do konstrukcji, altan i wyposa\u017cenia<\/strong>.<\/p>\n<p>\n\t\t\tKod producenta:<strong> <\/strong><strong>LOCKT35100\/<\/strong><strong>LOCKT35120<\/strong><\/p>\n<p>\n\t\t\tLOCK T sk\u0142ada si\u0119 z tr&oacute;jwymiarowej <strong>p\u0142ytki perforowanej ze stopu aluminium<\/strong>. Zapewnia doskona\u0142\u0105 tolerancj\u0119 monta\u017cu. Mo\u017ce by\u0107 \u0142\u0105czony z p\u0142ytkami blokowania bocznego i <strong>wkr\u0119tem uniemo\u017cliwiaj\u0105cym wysuni\u0119cie pionowe<\/strong>.<\/p>\n<p>\n\t\t\tPo\u0142\u0105czenie jest ca\u0142kowicie ukryte i umo\u017cliwia spe\u0142nienie wymaga\u0144 w zakresie odporno\u015bci ogniowej. \u0141atwy i szybki monta\u017c dzi\u0119ki u\u017cyciu jednego rodzaju wkr\u0119ta.<\/p>\n<p>\n\t\t\tDost\u0119pny r&oacute;wnie\u017c w formie pr\u0119ta, przeznaczony jest specjalnie do mocowania strop&oacute;w do paneli <strong>CLT<\/strong>. Mo\u017ce by\u0107 stosowany do po\u0142\u0105cze\u0144 na \u015bcinanie drewno-drewno na drewnie litym i klejonym, <strong>CLT<\/strong> i <strong>LVL<\/strong>.<\/p>\n<\/p><\/div>\n<\/div>\n","protected":false},"excerpt":{"rendered":"<p>LOCK T to innowacyjna p\u0142ytka z uchwytem do ca\u0142kowicie ukrytych po\u0142\u0105cze\u0144 drewno-drewno, kt\u00f3ra zapewnia wyj\u0105tkow\u0105 wytrzyma\u0142o\u015b\u0107.<\/p>\n","protected":false},"featured_media":10548,"template":"","meta":{"_acf_changed":false,"inline_featured_image":false},"product_brand":[],"product_cat":[93],"product_tag":[],"class_list":{"0":"post-451","1":"product","2":"type-product","3":"status-publish","4":"has-post-thumbnail","6":"product_cat-produkty-do-montazu-tarasow-i-elewacji","8":"first","9":"instock","10":"taxable","11":"shipping-taxable","12":"product-type-simple"},"acf":[],"yoast_head":"<!-- This site is optimized with the Yoast SEO Premium plugin v27.3 (Yoast SEO v27.4) - https:\/\/yoast.com\/product\/yoast-seo-premium-wordpress\/ -->\n<title>ROTHOBLAAS \u0141\u0104CZNIK LOCK 35X100\/120X20 UKRYTY Z UCHWYTEM DREWNO-DREWNO - Drewno Esto\u0144skie<\/title>\n<meta name=\"robots\" content=\"index, follow, max-snippet:-1, max-image-preview:large, max-video-preview:-1\" \/>\n<link rel=\"canonical\" href=\"https:\/\/puidukoda.pl\/en\/produkt\/rothoblaas-lacznik-lock-35x100-120x20-ukryty-z-uchwytem-drewno-drewno\/\" \/>\n<meta property=\"og:locale\" content=\"en_US\" \/>\n<meta property=\"og:type\" content=\"article\" \/>\n<meta property=\"og:title\" content=\"ROTHOBLAAS \u0141\u0104CZNIK LOCK 35X100\/120X20 UKRYTY Z UCHWYTEM DREWNO-DREWNO\" \/>\n<meta property=\"og:description\" content=\"LOCK T to innowacyjna p\u0142ytka z uchwytem do ca\u0142kowicie ukrytych po\u0142\u0105cze\u0144 drewno-drewno, kt\u00f3ra zapewnia wyj\u0105tkow\u0105 wytrzyma\u0142o\u015b\u0107.\" \/>\n<meta property=\"og:url\" content=\"https:\/\/puidukoda.pl\/en\/produkt\/rothoblaas-lacznik-lock-35x100-120x20-ukryty-z-uchwytem-drewno-drewno\/\" \/>\n<meta property=\"og:site_name\" content=\"Drewno Esto\u0144skie\" \/>\n<meta property=\"article:publisher\" content=\"https:\/\/www.facebook.com\/drewnoestonskie\" \/>\n<meta property=\"article:modified_time\" content=\"2025-05-30T10:02:58+00:00\" \/>\n<meta property=\"og:image\" content=\"https:\/\/puidukoda.pl\/wp-content\/uploads\/2025\/02\/1499.jpg\" \/>\n\t<meta property=\"og:image:width\" content=\"800\" \/>\n\t<meta property=\"og:image:height\" content=\"600\" \/>\n\t<meta property=\"og:image:type\" content=\"image\/jpeg\" \/>\n<meta name=\"twitter:card\" content=\"summary_large_image\" \/>\n<meta name=\"twitter:label1\" content=\"Est. reading time\" \/>\n\t<meta name=\"twitter:data1\" content=\"1 minute\" \/>\n<script type=\"application\/ld+json\" class=\"yoast-schema-graph\">{\"@context\":\"https:\\\/\\\/schema.org\",\"@graph\":[{\"@type\":\"WebPage\",\"@id\":\"https:\\\/\\\/puidukoda.pl\\\/en\\\/produkt\\\/rothoblaas-lacznik-lock-35x100-120x20-ukryty-z-uchwytem-drewno-drewno\\\/\",\"url\":\"https:\\\/\\\/puidukoda.pl\\\/en\\\/produkt\\\/rothoblaas-lacznik-lock-35x100-120x20-ukryty-z-uchwytem-drewno-drewno\\\/\",\"name\":\"ROTHOBLAAS \u0141\u0104CZNIK LOCK 35X100\\\/120X20 UKRYTY Z UCHWYTEM DREWNO-DREWNO - Drewno Esto\u0144skie\",\"isPartOf\":{\"@id\":\"https:\\\/\\\/puidukoda.pl\\\/en\\\/#website\"},\"primaryImageOfPage\":{\"@id\":\"https:\\\/\\\/puidukoda.pl\\\/en\\\/produkt\\\/rothoblaas-lacznik-lock-35x100-120x20-ukryty-z-uchwytem-drewno-drewno\\\/#primaryimage\"},\"image\":{\"@id\":\"https:\\\/\\\/puidukoda.pl\\\/en\\\/produkt\\\/rothoblaas-lacznik-lock-35x100-120x20-ukryty-z-uchwytem-drewno-drewno\\\/#primaryimage\"},\"thumbnailUrl\":\"https:\\\/\\\/puidukoda.pl\\\/wp-content\\\/uploads\\\/2025\\\/02\\\/1499.jpg\",\"datePublished\":\"2025-02-23T23:37:40+00:00\",\"dateModified\":\"2025-05-30T10:02:58+00:00\",\"breadcrumb\":{\"@id\":\"https:\\\/\\\/puidukoda.pl\\\/en\\\/produkt\\\/rothoblaas-lacznik-lock-35x100-120x20-ukryty-z-uchwytem-drewno-drewno\\\/#breadcrumb\"},\"inLanguage\":\"en-US\",\"potentialAction\":[{\"@type\":\"ReadAction\",\"target\":[\"https:\\\/\\\/puidukoda.pl\\\/en\\\/produkt\\\/rothoblaas-lacznik-lock-35x100-120x20-ukryty-z-uchwytem-drewno-drewno\\\/\"]}]},{\"@type\":\"ImageObject\",\"inLanguage\":\"en-US\",\"@id\":\"https:\\\/\\\/puidukoda.pl\\\/en\\\/produkt\\\/rothoblaas-lacznik-lock-35x100-120x20-ukryty-z-uchwytem-drewno-drewno\\\/#primaryimage\",\"url\":\"https:\\\/\\\/puidukoda.pl\\\/wp-content\\\/uploads\\\/2025\\\/02\\\/1499.jpg\",\"contentUrl\":\"https:\\\/\\\/puidukoda.pl\\\/wp-content\\\/uploads\\\/2025\\\/02\\\/1499.jpg\",\"width\":800,\"height\":600},{\"@type\":\"BreadcrumbList\",\"@id\":\"https:\\\/\\\/puidukoda.pl\\\/en\\\/produkt\\\/rothoblaas-lacznik-lock-35x100-120x20-ukryty-z-uchwytem-drewno-drewno\\\/#breadcrumb\",\"itemListElement\":[{\"@type\":\"ListItem\",\"position\":1,\"name\":\"Drewno esto\u0144skie\",\"item\":\"https:\\\/\\\/puidukoda.pl\\\/en\\\/\"},{\"@type\":\"ListItem\",\"position\":2,\"name\":\"Shop\",\"item\":\"https:\\\/\\\/puidukoda.pl\\\/en\\\/shop\\\/\"},{\"@type\":\"ListItem\",\"position\":3,\"name\":\"ROTHOBLAAS \u0141\u0104CZNIK LOCK 35X100\\\/120X20 UKRYTY Z UCHWYTEM DREWNO-DREWNO\"}]},{\"@type\":\"WebSite\",\"@id\":\"https:\\\/\\\/puidukoda.pl\\\/en\\\/#website\",\"url\":\"https:\\\/\\\/puidukoda.pl\\\/en\\\/\",\"name\":\"Drewno Esto\u0144skie\",\"description\":\"\",\"publisher\":{\"@id\":\"https:\\\/\\\/puidukoda.pl\\\/en\\\/#organization\"},\"potentialAction\":[{\"@type\":\"SearchAction\",\"target\":{\"@type\":\"EntryPoint\",\"urlTemplate\":\"https:\\\/\\\/puidukoda.pl\\\/en\\\/?s={search_term_string}\"},\"query-input\":{\"@type\":\"PropertyValueSpecification\",\"valueRequired\":true,\"valueName\":\"search_term_string\"}}],\"inLanguage\":\"en-US\"},{\"@type\":\"Organization\",\"@id\":\"https:\\\/\\\/puidukoda.pl\\\/en\\\/#organization\",\"name\":\"Drewno Esto\u0144skie\",\"url\":\"https:\\\/\\\/puidukoda.pl\\\/en\\\/\",\"logo\":{\"@type\":\"ImageObject\",\"inLanguage\":\"en-US\",\"@id\":\"https:\\\/\\\/puidukoda.pl\\\/en\\\/#\\\/schema\\\/logo\\\/image\\\/\",\"url\":\"https:\\\/\\\/puidukoda.pl\\\/wp-content\\\/uploads\\\/2024\\\/12\\\/puidukoda_polska_logo_v9.png\",\"contentUrl\":\"https:\\\/\\\/puidukoda.pl\\\/wp-content\\\/uploads\\\/2024\\\/12\\\/puidukoda_polska_logo_v9.png\",\"width\":1642,\"height\":357,\"caption\":\"Drewno Esto\u0144skie\"},\"image\":{\"@id\":\"https:\\\/\\\/puidukoda.pl\\\/en\\\/#\\\/schema\\\/logo\\\/image\\\/\"},\"sameAs\":[\"https:\\\/\\\/www.facebook.com\\\/drewnoestonskie\",\"https:\\\/\\\/www.instagram.com\\\/puidukodapolska\\\/\",\"https:\\\/\\\/www.facebook.com\\\/piszpuidukoda\",\"https:\\\/\\\/www.facebook.com\\\/zamoscpuidukoda\",\"https:\\\/\\\/www.facebook.com\\\/lublinpuidukoda\",\"https:\\\/\\\/www.facebook.com\\\/koninpuidukoda\"]}]}<\/script>\n<!-- \/ Yoast SEO Premium plugin. -->","yoast_head_json":{"title":"ROTHOBLAAS \u0141\u0104CZNIK LOCK 35X100\/120X20 UKRYTY Z UCHWYTEM DREWNO-DREWNO - Drewno Esto\u0144skie","robots":{"index":"index","follow":"follow","max-snippet":"max-snippet:-1","max-image-preview":"max-image-preview:large","max-video-preview":"max-video-preview:-1"},"canonical":"https:\/\/puidukoda.pl\/en\/produkt\/rothoblaas-lacznik-lock-35x100-120x20-ukryty-z-uchwytem-drewno-drewno\/","og_locale":"en_US","og_type":"article","og_title":"ROTHOBLAAS \u0141\u0104CZNIK LOCK 35X100\/120X20 UKRYTY Z UCHWYTEM DREWNO-DREWNO","og_description":"LOCK T to innowacyjna p\u0142ytka z uchwytem do ca\u0142kowicie ukrytych po\u0142\u0105cze\u0144 drewno-drewno, kt\u00f3ra zapewnia wyj\u0105tkow\u0105 wytrzyma\u0142o\u015b\u0107.","og_url":"https:\/\/puidukoda.pl\/en\/produkt\/rothoblaas-lacznik-lock-35x100-120x20-ukryty-z-uchwytem-drewno-drewno\/","og_site_name":"Drewno Esto\u0144skie","article_publisher":"https:\/\/www.facebook.com\/drewnoestonskie","article_modified_time":"2025-05-30T10:02:58+00:00","og_image":[{"width":800,"height":600,"url":"https:\/\/puidukoda.pl\/wp-content\/uploads\/2025\/02\/1499.jpg","type":"image\/jpeg"}],"twitter_card":"summary_large_image","twitter_misc":{"Est. reading time":"1 minute"},"schema":{"@context":"https:\/\/schema.org","@graph":[{"@type":"WebPage","@id":"https:\/\/puidukoda.pl\/en\/produkt\/rothoblaas-lacznik-lock-35x100-120x20-ukryty-z-uchwytem-drewno-drewno\/","url":"https:\/\/puidukoda.pl\/en\/produkt\/rothoblaas-lacznik-lock-35x100-120x20-ukryty-z-uchwytem-drewno-drewno\/","name":"ROTHOBLAAS \u0141\u0104CZNIK LOCK 35X100\/120X20 UKRYTY Z UCHWYTEM DREWNO-DREWNO - Drewno Esto\u0144skie","isPartOf":{"@id":"https:\/\/puidukoda.pl\/en\/#website"},"primaryImageOfPage":{"@id":"https:\/\/puidukoda.pl\/en\/produkt\/rothoblaas-lacznik-lock-35x100-120x20-ukryty-z-uchwytem-drewno-drewno\/#primaryimage"},"image":{"@id":"https:\/\/puidukoda.pl\/en\/produkt\/rothoblaas-lacznik-lock-35x100-120x20-ukryty-z-uchwytem-drewno-drewno\/#primaryimage"},"thumbnailUrl":"https:\/\/puidukoda.pl\/wp-content\/uploads\/2025\/02\/1499.jpg","datePublished":"2025-02-23T23:37:40+00:00","dateModified":"2025-05-30T10:02:58+00:00","breadcrumb":{"@id":"https:\/\/puidukoda.pl\/en\/produkt\/rothoblaas-lacznik-lock-35x100-120x20-ukryty-z-uchwytem-drewno-drewno\/#breadcrumb"},"inLanguage":"en-US","potentialAction":[{"@type":"ReadAction","target":["https:\/\/puidukoda.pl\/en\/produkt\/rothoblaas-lacznik-lock-35x100-120x20-ukryty-z-uchwytem-drewno-drewno\/"]}]},{"@type":"ImageObject","inLanguage":"en-US","@id":"https:\/\/puidukoda.pl\/en\/produkt\/rothoblaas-lacznik-lock-35x100-120x20-ukryty-z-uchwytem-drewno-drewno\/#primaryimage","url":"https:\/\/puidukoda.pl\/wp-content\/uploads\/2025\/02\/1499.jpg","contentUrl":"https:\/\/puidukoda.pl\/wp-content\/uploads\/2025\/02\/1499.jpg","width":800,"height":600},{"@type":"BreadcrumbList","@id":"https:\/\/puidukoda.pl\/en\/produkt\/rothoblaas-lacznik-lock-35x100-120x20-ukryty-z-uchwytem-drewno-drewno\/#breadcrumb","itemListElement":[{"@type":"ListItem","position":1,"name":"Drewno esto\u0144skie","item":"https:\/\/puidukoda.pl\/en\/"},{"@type":"ListItem","position":2,"name":"Shop","item":"https:\/\/puidukoda.pl\/en\/shop\/"},{"@type":"ListItem","position":3,"name":"ROTHOBLAAS \u0141\u0104CZNIK LOCK 35X100\/120X20 UKRYTY Z UCHWYTEM DREWNO-DREWNO"}]},{"@type":"WebSite","@id":"https:\/\/puidukoda.pl\/en\/#website","url":"https:\/\/puidukoda.pl\/en\/","name":"Drewno Esto\u0144skie","description":"","publisher":{"@id":"https:\/\/puidukoda.pl\/en\/#organization"},"potentialAction":[{"@type":"SearchAction","target":{"@type":"EntryPoint","urlTemplate":"https:\/\/puidukoda.pl\/en\/?s={search_term_string}"},"query-input":{"@type":"PropertyValueSpecification","valueRequired":true,"valueName":"search_term_string"}}],"inLanguage":"en-US"},{"@type":"Organization","@id":"https:\/\/puidukoda.pl\/en\/#organization","name":"Drewno Esto\u0144skie","url":"https:\/\/puidukoda.pl\/en\/","logo":{"@type":"ImageObject","inLanguage":"en-US","@id":"https:\/\/puidukoda.pl\/en\/#\/schema\/logo\/image\/","url":"https:\/\/puidukoda.pl\/wp-content\/uploads\/2024\/12\/puidukoda_polska_logo_v9.png","contentUrl":"https:\/\/puidukoda.pl\/wp-content\/uploads\/2024\/12\/puidukoda_polska_logo_v9.png","width":1642,"height":357,"caption":"Drewno Esto\u0144skie"},"image":{"@id":"https:\/\/puidukoda.pl\/en\/#\/schema\/logo\/image\/"},"sameAs":["https:\/\/www.facebook.com\/drewnoestonskie","https:\/\/www.instagram.com\/puidukodapolska\/","https:\/\/www.facebook.com\/piszpuidukoda","https:\/\/www.facebook.com\/zamoscpuidukoda","https:\/\/www.facebook.com\/lublinpuidukoda","https:\/\/www.facebook.com\/koninpuidukoda"]}]}},"_links":{"self":[{"href":"https:\/\/puidukoda.pl\/en\/wp-json\/wp\/v2\/product\/451","targetHints":{"allow":["GET"]}}],"collection":[{"href":"https:\/\/puidukoda.pl\/en\/wp-json\/wp\/v2\/product"}],"about":[{"href":"https:\/\/puidukoda.pl\/en\/wp-json\/wp\/v2\/types\/product"}],"version-history":[{"count":1,"href":"https:\/\/puidukoda.pl\/en\/wp-json\/wp\/v2\/product\/451\/revisions"}],"predecessor-version":[{"id":10551,"href":"https:\/\/puidukoda.pl\/en\/wp-json\/wp\/v2\/product\/451\/revisions\/10551"}],"wp:featuredmedia":[{"embeddable":true,"href":"https:\/\/puidukoda.pl\/en\/wp-json\/wp\/v2\/media\/10548"}],"wp:attachment":[{"href":"https:\/\/puidukoda.pl\/en\/wp-json\/wp\/v2\/media?parent=451"}],"wp:term":[{"taxonomy":"product_brand","embeddable":true,"href":"https:\/\/puidukoda.pl\/en\/wp-json\/wp\/v2\/product_brand?post=451"},{"taxonomy":"product_cat","embeddable":true,"href":"https:\/\/puidukoda.pl\/en\/wp-json\/wp\/v2\/product_cat?post=451"},{"taxonomy":"product_tag","embeddable":true,"href":"https:\/\/puidukoda.pl\/en\/wp-json\/wp\/v2\/product_tag?post=451"}],"curies":[{"name":"wp","href":"https:\/\/api.w.org\/{rel}","templated":true}]}}