{"id":448,"date":"2025-02-23T23:37:39","date_gmt":"2025-02-23T23:37:39","guid":{"rendered":"https:\/\/puidukoda.pl\/?post_type=product&#038;p=448"},"modified":"2025-05-30T10:05:23","modified_gmt":"2025-05-30T10:05:23","slug":"rothoblaas-tasma-samoprzylepna-butylowa-terra-band-uv","status":"publish","type":"product","link":"https:\/\/puidukoda.pl\/en\/produkt\/rothoblaas-tasma-samoprzylepna-butylowa-terra-band-uv\/","title":{"rendered":"ROTHOBLAAS TA\u015aMA SAMOPRZYLEPNA BUTYLOWA TERRA BAND UV"},"content":{"rendered":"<p>\n\t<strong>Butylowa ta\u015bma klej\u0105ca<\/strong> TERRA BAND UV przeznaczona jest do <strong>zabezpieczania \u0142at przed wod\u0105 i promieniowaniem UV<\/strong>. Mo\u017cna j\u0105 stosowa\u0107 zar&oacute;wno do taras&oacute;w, jak i elewacji. Zapewnia ochron\u0119 i <strong>trwa\u0142o\u015b\u0107 legar&oacute;w drewnianych.<\/strong> Pod\u0142o\u017ce aluminiowane gwarantuje <strong>nieograniczon\u0105 odporno\u015b\u0107 na dzia\u0142anie promieni UV<\/strong>, kt&oacute;re mog\u0105 przenika\u0107 przez <strong>otwarte z\u0142\u0105cza<\/strong> taras&oacute;w i elewacji.<\/p>\n<div class=\"product-description\">\n<p>\n\t\t<strong>Ta\u015bma butylowa TERRA BAND UV, ta\u015bma klej\u0105ca o nieograniczonej odporno\u015bci na dzia\u0142anie promieni UV.<\/strong><\/p>\n<p>\n\t\tTa\u015bma samoprzylepna butylowa TERRA BAND UV jest mi\u0119kka i \u0142atwa w obr&oacute;bce. Specjalna mieszanka butylowa zamyka perforacje, zachowuj\u0105c przy tym <strong>optymaln\u0105 wodoszczelno\u015b\u0107.<\/strong><\/p>\n<p>\n\t\tFormu\u0142a z modyfikowanego <strong>butylu zapewnia<\/strong> doskona\u0142\u0105 trwa\u0142o\u015b\u0107 nawet w przypadku poddania jej obci\u0105\u017ceniom termicznym i <strong>promieniom UV<\/strong>.<\/p>\n<\/div>\n","protected":false},"excerpt":{"rendered":"<p>Butylowa ta\u015bma klej\u0105ca TERRA BAND UV przeznaczona jest do zabezpieczania \u0142at przed wod\u0105 i promieniowaniem UV.<\/p>\n","protected":false},"featured_media":10540,"template":"","meta":{"_acf_changed":false,"inline_featured_image":false},"product_brand":[],"product_cat":[93],"product_tag":[],"class_list":{"0":"post-448","1":"product","2":"type-product","3":"status-publish","4":"has-post-thumbnail","6":"product_cat-produkty-do-montazu-tarasow-i-elewacji","8":"first","9":"instock","10":"taxable","11":"shipping-taxable","12":"product-type-simple"},"acf":[],"yoast_head":"<!-- This site is optimized with the Yoast SEO Premium plugin v27.3 (Yoast SEO v27.4) - https:\/\/yoast.com\/product\/yoast-seo-premium-wordpress\/ -->\n<title>ROTHOBLAAS TA\u015aMA SAMOPRZYLEPNA BUTYLOWA TERRA BAND UV - Drewno Esto\u0144skie<\/title>\n<meta name=\"robots\" content=\"index, follow, max-snippet:-1, max-image-preview:large, max-video-preview:-1\" \/>\n<link rel=\"canonical\" href=\"https:\/\/puidukoda.pl\/en\/produkt\/rothoblaas-tasma-samoprzylepna-butylowa-terra-band-uv\/\" \/>\n<meta property=\"og:locale\" content=\"en_US\" \/>\n<meta property=\"og:type\" content=\"article\" \/>\n<meta property=\"og:title\" content=\"ROTHOBLAAS TA\u015aMA SAMOPRZYLEPNA BUTYLOWA TERRA BAND UV\" \/>\n<meta property=\"og:description\" content=\"Butylowa ta\u015bma klej\u0105ca TERRA BAND UV przeznaczona jest do zabezpieczania \u0142at przed wod\u0105 i promieniowaniem UV.\" \/>\n<meta property=\"og:url\" content=\"https:\/\/puidukoda.pl\/en\/produkt\/rothoblaas-tasma-samoprzylepna-butylowa-terra-band-uv\/\" \/>\n<meta property=\"og:site_name\" content=\"Drewno Esto\u0144skie\" \/>\n<meta property=\"article:publisher\" content=\"https:\/\/www.facebook.com\/drewnoestonskie\" \/>\n<meta property=\"article:modified_time\" content=\"2025-05-30T10:05:23+00:00\" \/>\n<meta property=\"og:image\" content=\"https:\/\/puidukoda.pl\/wp-content\/uploads\/2025\/02\/1494.jpg\" \/>\n\t<meta property=\"og:image:width\" content=\"800\" \/>\n\t<meta property=\"og:image:height\" content=\"600\" \/>\n\t<meta property=\"og:image:type\" content=\"image\/jpeg\" \/>\n<meta name=\"twitter:card\" content=\"summary_large_image\" \/>\n<meta name=\"twitter:label1\" content=\"Est. reading time\" \/>\n\t<meta name=\"twitter:data1\" content=\"1 minute\" \/>\n<script type=\"application\/ld+json\" class=\"yoast-schema-graph\">{\"@context\":\"https:\\\/\\\/schema.org\",\"@graph\":[{\"@type\":\"WebPage\",\"@id\":\"https:\\\/\\\/puidukoda.pl\\\/en\\\/produkt\\\/rothoblaas-tasma-samoprzylepna-butylowa-terra-band-uv\\\/\",\"url\":\"https:\\\/\\\/puidukoda.pl\\\/en\\\/produkt\\\/rothoblaas-tasma-samoprzylepna-butylowa-terra-band-uv\\\/\",\"name\":\"ROTHOBLAAS TA\u015aMA SAMOPRZYLEPNA BUTYLOWA TERRA BAND UV - Drewno Esto\u0144skie\",\"isPartOf\":{\"@id\":\"https:\\\/\\\/puidukoda.pl\\\/en\\\/#website\"},\"primaryImageOfPage\":{\"@id\":\"https:\\\/\\\/puidukoda.pl\\\/en\\\/produkt\\\/rothoblaas-tasma-samoprzylepna-butylowa-terra-band-uv\\\/#primaryimage\"},\"image\":{\"@id\":\"https:\\\/\\\/puidukoda.pl\\\/en\\\/produkt\\\/rothoblaas-tasma-samoprzylepna-butylowa-terra-band-uv\\\/#primaryimage\"},\"thumbnailUrl\":\"https:\\\/\\\/puidukoda.pl\\\/wp-content\\\/uploads\\\/2025\\\/02\\\/1494.jpg\",\"datePublished\":\"2025-02-23T23:37:39+00:00\",\"dateModified\":\"2025-05-30T10:05:23+00:00\",\"breadcrumb\":{\"@id\":\"https:\\\/\\\/puidukoda.pl\\\/en\\\/produkt\\\/rothoblaas-tasma-samoprzylepna-butylowa-terra-band-uv\\\/#breadcrumb\"},\"inLanguage\":\"en-US\",\"potentialAction\":[{\"@type\":\"ReadAction\",\"target\":[\"https:\\\/\\\/puidukoda.pl\\\/en\\\/produkt\\\/rothoblaas-tasma-samoprzylepna-butylowa-terra-band-uv\\\/\"]}]},{\"@type\":\"ImageObject\",\"inLanguage\":\"en-US\",\"@id\":\"https:\\\/\\\/puidukoda.pl\\\/en\\\/produkt\\\/rothoblaas-tasma-samoprzylepna-butylowa-terra-band-uv\\\/#primaryimage\",\"url\":\"https:\\\/\\\/puidukoda.pl\\\/wp-content\\\/uploads\\\/2025\\\/02\\\/1494.jpg\",\"contentUrl\":\"https:\\\/\\\/puidukoda.pl\\\/wp-content\\\/uploads\\\/2025\\\/02\\\/1494.jpg\",\"width\":800,\"height\":600},{\"@type\":\"BreadcrumbList\",\"@id\":\"https:\\\/\\\/puidukoda.pl\\\/en\\\/produkt\\\/rothoblaas-tasma-samoprzylepna-butylowa-terra-band-uv\\\/#breadcrumb\",\"itemListElement\":[{\"@type\":\"ListItem\",\"position\":1,\"name\":\"Drewno esto\u0144skie\",\"item\":\"https:\\\/\\\/puidukoda.pl\\\/en\\\/\"},{\"@type\":\"ListItem\",\"position\":2,\"name\":\"Shop\",\"item\":\"https:\\\/\\\/puidukoda.pl\\\/en\\\/shop\\\/\"},{\"@type\":\"ListItem\",\"position\":3,\"name\":\"ROTHOBLAAS TA\u015aMA SAMOPRZYLEPNA BUTYLOWA TERRA BAND UV\"}]},{\"@type\":\"WebSite\",\"@id\":\"https:\\\/\\\/puidukoda.pl\\\/en\\\/#website\",\"url\":\"https:\\\/\\\/puidukoda.pl\\\/en\\\/\",\"name\":\"Drewno Esto\u0144skie\",\"description\":\"\",\"publisher\":{\"@id\":\"https:\\\/\\\/puidukoda.pl\\\/en\\\/#organization\"},\"potentialAction\":[{\"@type\":\"SearchAction\",\"target\":{\"@type\":\"EntryPoint\",\"urlTemplate\":\"https:\\\/\\\/puidukoda.pl\\\/en\\\/?s={search_term_string}\"},\"query-input\":{\"@type\":\"PropertyValueSpecification\",\"valueRequired\":true,\"valueName\":\"search_term_string\"}}],\"inLanguage\":\"en-US\"},{\"@type\":\"Organization\",\"@id\":\"https:\\\/\\\/puidukoda.pl\\\/en\\\/#organization\",\"name\":\"Drewno Esto\u0144skie\",\"url\":\"https:\\\/\\\/puidukoda.pl\\\/en\\\/\",\"logo\":{\"@type\":\"ImageObject\",\"inLanguage\":\"en-US\",\"@id\":\"https:\\\/\\\/puidukoda.pl\\\/en\\\/#\\\/schema\\\/logo\\\/image\\\/\",\"url\":\"https:\\\/\\\/puidukoda.pl\\\/wp-content\\\/uploads\\\/2024\\\/12\\\/puidukoda_polska_logo_v9.png\",\"contentUrl\":\"https:\\\/\\\/puidukoda.pl\\\/wp-content\\\/uploads\\\/2024\\\/12\\\/puidukoda_polska_logo_v9.png\",\"width\":1642,\"height\":357,\"caption\":\"Drewno Esto\u0144skie\"},\"image\":{\"@id\":\"https:\\\/\\\/puidukoda.pl\\\/en\\\/#\\\/schema\\\/logo\\\/image\\\/\"},\"sameAs\":[\"https:\\\/\\\/www.facebook.com\\\/drewnoestonskie\",\"https:\\\/\\\/www.instagram.com\\\/puidukodapolska\\\/\",\"https:\\\/\\\/www.facebook.com\\\/piszpuidukoda\",\"https:\\\/\\\/www.facebook.com\\\/zamoscpuidukoda\",\"https:\\\/\\\/www.facebook.com\\\/lublinpuidukoda\",\"https:\\\/\\\/www.facebook.com\\\/koninpuidukoda\"]}]}<\/script>\n<!-- \/ Yoast SEO Premium plugin. -->","yoast_head_json":{"title":"ROTHOBLAAS TA\u015aMA SAMOPRZYLEPNA BUTYLOWA TERRA BAND UV - Drewno Esto\u0144skie","robots":{"index":"index","follow":"follow","max-snippet":"max-snippet:-1","max-image-preview":"max-image-preview:large","max-video-preview":"max-video-preview:-1"},"canonical":"https:\/\/puidukoda.pl\/en\/produkt\/rothoblaas-tasma-samoprzylepna-butylowa-terra-band-uv\/","og_locale":"en_US","og_type":"article","og_title":"ROTHOBLAAS TA\u015aMA SAMOPRZYLEPNA BUTYLOWA TERRA BAND UV","og_description":"Butylowa ta\u015bma klej\u0105ca TERRA BAND UV przeznaczona jest do zabezpieczania \u0142at przed wod\u0105 i promieniowaniem UV.","og_url":"https:\/\/puidukoda.pl\/en\/produkt\/rothoblaas-tasma-samoprzylepna-butylowa-terra-band-uv\/","og_site_name":"Drewno Esto\u0144skie","article_publisher":"https:\/\/www.facebook.com\/drewnoestonskie","article_modified_time":"2025-05-30T10:05:23+00:00","og_image":[{"width":800,"height":600,"url":"https:\/\/puidukoda.pl\/wp-content\/uploads\/2025\/02\/1494.jpg","type":"image\/jpeg"}],"twitter_card":"summary_large_image","twitter_misc":{"Est. reading time":"1 minute"},"schema":{"@context":"https:\/\/schema.org","@graph":[{"@type":"WebPage","@id":"https:\/\/puidukoda.pl\/en\/produkt\/rothoblaas-tasma-samoprzylepna-butylowa-terra-band-uv\/","url":"https:\/\/puidukoda.pl\/en\/produkt\/rothoblaas-tasma-samoprzylepna-butylowa-terra-band-uv\/","name":"ROTHOBLAAS TA\u015aMA SAMOPRZYLEPNA BUTYLOWA TERRA BAND UV - Drewno Esto\u0144skie","isPartOf":{"@id":"https:\/\/puidukoda.pl\/en\/#website"},"primaryImageOfPage":{"@id":"https:\/\/puidukoda.pl\/en\/produkt\/rothoblaas-tasma-samoprzylepna-butylowa-terra-band-uv\/#primaryimage"},"image":{"@id":"https:\/\/puidukoda.pl\/en\/produkt\/rothoblaas-tasma-samoprzylepna-butylowa-terra-band-uv\/#primaryimage"},"thumbnailUrl":"https:\/\/puidukoda.pl\/wp-content\/uploads\/2025\/02\/1494.jpg","datePublished":"2025-02-23T23:37:39+00:00","dateModified":"2025-05-30T10:05:23+00:00","breadcrumb":{"@id":"https:\/\/puidukoda.pl\/en\/produkt\/rothoblaas-tasma-samoprzylepna-butylowa-terra-band-uv\/#breadcrumb"},"inLanguage":"en-US","potentialAction":[{"@type":"ReadAction","target":["https:\/\/puidukoda.pl\/en\/produkt\/rothoblaas-tasma-samoprzylepna-butylowa-terra-band-uv\/"]}]},{"@type":"ImageObject","inLanguage":"en-US","@id":"https:\/\/puidukoda.pl\/en\/produkt\/rothoblaas-tasma-samoprzylepna-butylowa-terra-band-uv\/#primaryimage","url":"https:\/\/puidukoda.pl\/wp-content\/uploads\/2025\/02\/1494.jpg","contentUrl":"https:\/\/puidukoda.pl\/wp-content\/uploads\/2025\/02\/1494.jpg","width":800,"height":600},{"@type":"BreadcrumbList","@id":"https:\/\/puidukoda.pl\/en\/produkt\/rothoblaas-tasma-samoprzylepna-butylowa-terra-band-uv\/#breadcrumb","itemListElement":[{"@type":"ListItem","position":1,"name":"Drewno esto\u0144skie","item":"https:\/\/puidukoda.pl\/en\/"},{"@type":"ListItem","position":2,"name":"Shop","item":"https:\/\/puidukoda.pl\/en\/shop\/"},{"@type":"ListItem","position":3,"name":"ROTHOBLAAS TA\u015aMA SAMOPRZYLEPNA BUTYLOWA TERRA BAND UV"}]},{"@type":"WebSite","@id":"https:\/\/puidukoda.pl\/en\/#website","url":"https:\/\/puidukoda.pl\/en\/","name":"Drewno Esto\u0144skie","description":"","publisher":{"@id":"https:\/\/puidukoda.pl\/en\/#organization"},"potentialAction":[{"@type":"SearchAction","target":{"@type":"EntryPoint","urlTemplate":"https:\/\/puidukoda.pl\/en\/?s={search_term_string}"},"query-input":{"@type":"PropertyValueSpecification","valueRequired":true,"valueName":"search_term_string"}}],"inLanguage":"en-US"},{"@type":"Organization","@id":"https:\/\/puidukoda.pl\/en\/#organization","name":"Drewno Esto\u0144skie","url":"https:\/\/puidukoda.pl\/en\/","logo":{"@type":"ImageObject","inLanguage":"en-US","@id":"https:\/\/puidukoda.pl\/en\/#\/schema\/logo\/image\/","url":"https:\/\/puidukoda.pl\/wp-content\/uploads\/2024\/12\/puidukoda_polska_logo_v9.png","contentUrl":"https:\/\/puidukoda.pl\/wp-content\/uploads\/2024\/12\/puidukoda_polska_logo_v9.png","width":1642,"height":357,"caption":"Drewno Esto\u0144skie"},"image":{"@id":"https:\/\/puidukoda.pl\/en\/#\/schema\/logo\/image\/"},"sameAs":["https:\/\/www.facebook.com\/drewnoestonskie","https:\/\/www.instagram.com\/puidukodapolska\/","https:\/\/www.facebook.com\/piszpuidukoda","https:\/\/www.facebook.com\/zamoscpuidukoda","https:\/\/www.facebook.com\/lublinpuidukoda","https:\/\/www.facebook.com\/koninpuidukoda"]}]}},"_links":{"self":[{"href":"https:\/\/puidukoda.pl\/en\/wp-json\/wp\/v2\/product\/448","targetHints":{"allow":["GET"]}}],"collection":[{"href":"https:\/\/puidukoda.pl\/en\/wp-json\/wp\/v2\/product"}],"about":[{"href":"https:\/\/puidukoda.pl\/en\/wp-json\/wp\/v2\/types\/product"}],"version-history":[{"count":1,"href":"https:\/\/puidukoda.pl\/en\/wp-json\/wp\/v2\/product\/448\/revisions"}],"predecessor-version":[{"id":10541,"href":"https:\/\/puidukoda.pl\/en\/wp-json\/wp\/v2\/product\/448\/revisions\/10541"}],"wp:featuredmedia":[{"embeddable":true,"href":"https:\/\/puidukoda.pl\/en\/wp-json\/wp\/v2\/media\/10540"}],"wp:attachment":[{"href":"https:\/\/puidukoda.pl\/en\/wp-json\/wp\/v2\/media?parent=448"}],"wp:term":[{"taxonomy":"product_brand","embeddable":true,"href":"https:\/\/puidukoda.pl\/en\/wp-json\/wp\/v2\/product_brand?post=448"},{"taxonomy":"product_cat","embeddable":true,"href":"https:\/\/puidukoda.pl\/en\/wp-json\/wp\/v2\/product_cat?post=448"},{"taxonomy":"product_tag","embeddable":true,"href":"https:\/\/puidukoda.pl\/en\/wp-json\/wp\/v2\/product_tag?post=448"}],"curies":[{"name":"wp","href":"https:\/\/api.w.org\/{rel}","templated":true}]}}