{"id":350,"date":"2025-02-23T23:36:31","date_gmt":"2025-02-23T23:36:31","guid":{"rendered":"https:\/\/puidukoda.pl\/?post_type=product&#038;p=350"},"modified":"2025-06-03T10:13:05","modified_gmt":"2025-06-03T10:13:05","slug":"koopmans-aquachron-impregnat-akrylowy-do-drewna","status":"publish","type":"product","link":"https:\/\/puidukoda.pl\/en\/produkt\/koopmans-aquachron-impregnat-akrylowy-do-drewna\/","title":{"rendered":"KOOPMANS Aquachron &#8211; impregnat akrylowy do drewna"},"content":{"rendered":"<div>\n\t<span><span>Aquachron &#8211; impregnat akrylowy do drewna <\/span><\/span><\/div>\n<div>\n\t&nbsp;<\/div>\n<div>\n\t<span><span>Koloryzuj\u0105cy impregnat lazuruj\u0105cy na bazie \u017cywic akrylowych. Produkt atestowany wed\u0142ug normy PN-EN 71-3 &bdquo;Bezpiecze\u0144stwo zabawek Cz\u0119\u015b\u0107 3&rdquo;. Do stosowania wewn\u0105trz oraz na zewn\u0105trz pomieszcze\u0144. <\/span><\/span><\/div>\n<div>\n\t&nbsp;<\/div>\n<div>\n\t<span><span>Zastosowanie:<\/span><\/span><\/div>\n<ul>\n<li>\n<div>\n\t\t\t<span><span>drewniane zabawki<\/span><\/span><\/div>\n<\/li>\n<li>\n<div>\n\t\t\t<span><span>mebelki dla dzieci -place zabaw<\/span><\/span><\/div>\n<\/li>\n<li>\n<div>\n\t\t\t<span><span>architektura ogrodowa (domy, p\u0142oty, pergole, altanki, mostki itp.)<\/span><\/span><\/div>\n<\/li>\n<li>\n<div>\n\t\t\t<span><span>meble ogrodowe <\/span><\/span><\/div>\n<\/li>\n<\/ul>\n<div>\n\t&nbsp;<\/div>\n<div>\n\t<span><span>Cechy:<\/span><\/span><\/div>\n<ul>\n<li>\n<div>\n\t\t\t<span><span>ochrona drewna do 6 lat<\/span><\/span><\/div>\n<\/li>\n<li>\n<div>\n\t\t\t<span><span>zmodyfikowane \u017cywice akrylowe<\/span><\/span><\/div>\n<\/li>\n<li>\n<div>\n\t\t\t<span><span>nie \u0142uszczy si\u0119<\/span><\/span><\/div>\n<\/li>\n<li>\n<div>\n\t\t\t<span><span>\u0142atwa aplikacja<\/span><\/span><\/div>\n<\/li>\n<li>\n<div>\n\t\t\t<span><span>wysoka przyczepno\u015b\u0107 do drewna<\/span><\/span><\/div>\n<\/li>\n<li>\n<div>\n\t\t\t<span><span>wysoka elastyczno\u015b\u0107 i trwa\u0142o\u015b\u0107 pow\u0142oki<\/span><\/span><\/div>\n<\/li>\n<li>\n<div>\n\t\t\t<span><span>reguluje wilgotno\u015b\u0107 drewna<\/span><\/span><\/div>\n<\/li>\n<li>\n<div>\n\t\t\t<span><span>przyjazny dla \u015brodowiska oraz dzieci<\/span><\/span><\/div>\n<\/li>\n<li>\n<div>\n\t\t\t<span><span>odporny na dzia\u0142anie czynnik&oacute;w atmosferycznych<\/span><\/span><\/div>\n<\/li>\n<li>\n<div>\n\t\t\t<span><span>podkre\u015bla naturalne pi\u0119kno drewna -zapewnia wysok\u0105 ochron\u0119 przed biodegradacj\u0105 w systemie z impregnatem technicznym <\/span><\/span><\/div>\n<\/li>\n<\/ul>\n<div>\n\t&nbsp;<\/div>\n<div>\n\t<span><span>Pojemno\u015b\u0107: 2,5l<\/span><\/span><\/div>\n<div>\n\t&nbsp;<\/div>\n<div class=\"column-setter following-column span3\">\n<div class=\"mtheme-cell-wrap\">\n<div class=\"mtheme-block mtheme-block-em_column_block span3 mtheme-following-cell \" data-width=\"3\" id=\"mtheme-block-13\">\n<div class=\"mtheme-cell-inner\">\n<div class=\"row clearfix\">\n<div class=\"mtheme-cell-wrap\">\n<div class=\"mtheme-block mtheme-block-em_displayrichtext span3 mtheme-first-cell \" data-width=\"3\" id=\"mtheme-block-14\">\n<div class=\"mtheme-cell-inner\">\n<div class=\"animated fadeIn animation-action\">\n<div>\n\t\t\t\t\t\t\t\t\t\tKolorystyka:<\/div>\n<\/p><\/div>\n<\/p><\/div>\n<\/p><\/div>\n<\/p><\/div>\n<\/p><\/div>\n<div class=\"row clearfix\">\n<div class=\"mtheme-cell-wrap\">\n<div class=\"mtheme-block mtheme-block-em_checklist span3 mtheme-first-cell \" data-width=\"3\" id=\"mtheme-block-15\">\n<div class=\"mtheme-cell-inner\">\n<div class=\"checklist\">\n<ul>\n<li class=\"animated fadeInUpSlow animation-action\">\n<div>\n\t\t\t\t\t\t\t\t\t\t\t\t<span>bezbarwny z filtrem UV<\/span><\/div>\n<\/li>\n<li class=\"animated fadeInUpSlow animation-action\">\n<div>\n\t\t\t\t\t\t\t\t\t\t\t\t<span>8 kolor&oacute;w transparentnych<\/span><\/div>\n<\/li>\n<li class=\"animated fadeInUpSlow animation-action\">\n<div>\n\t\t\t\t\t\t\t\t\t\t\t\t<span>7 kolor&oacute;w kryj\u0105cych<\/span><\/div>\n<\/li>\n<\/ul><\/div>\n<\/p><\/div>\n<\/p><\/div>\n<\/p><\/div>\n<\/p><\/div>\n<\/p><\/div>\n<\/p><\/div>\n<\/p><\/div>\n<\/div>\n<div class=\"column-setter following-column span3\">\n<div class=\"mtheme-cell-wrap\">\n<div class=\"mtheme-block mtheme-block-em_column_block span3 mtheme-following-cell \" data-width=\"3\" id=\"mtheme-block-16\">\n<div class=\"mtheme-cell-inner\">\n<div class=\"row clearfix\">\n<div class=\"mtheme-cell-wrap\">\n<div class=\"mtheme-block mtheme-block-em_displayrichtext span3 mtheme-first-cell \" data-width=\"3\" id=\"mtheme-block-17\">\n<div class=\"mtheme-cell-inner\">\n<div class=\"animated fadeIn animation-action\">\n<div>\n\t\t\t\t\t\t\t\t\t\t&nbsp;<\/div>\n<div>\n\t\t\t\t\t\t\t\t\t\tWydajno\u015b\u0107:<\/div>\n<div>\n\t\t\t\t\t\t\t\t\t\t10-15 m<sup>2<\/sup>&nbsp;\/ 1 l silnie uzale\u017cniona od gatunku i rodzaju drewna oraz sposobu aplikacji<\/div>\n<\/p><\/div>\n<\/p><\/div>\n<\/p><\/div>\n<\/p><\/div>\n<\/p><\/div>\n<\/p><\/div>\n<\/p><\/div>\n<\/p><\/div>\n<\/div>\n<div class=\"column-setter following-column span3\">\n<div class=\"mtheme-cell-wrap\">\n<div class=\"mtheme-block mtheme-block-em_column_block span3 mtheme-following-cell \" data-width=\"3\" id=\"mtheme-block-18\">\n<div class=\"mtheme-cell-inner\">\n<div class=\"row clearfix\">\n<div class=\"mtheme-cell-wrap\">\n<div class=\"mtheme-block mtheme-block-em_displayrichtext span3 mtheme-first-cell \" data-width=\"3\" id=\"mtheme-block-19\">\n<div class=\"mtheme-cell-inner\">\n<div class=\"animated fadeIn animation-action\">\n<div>\n\t\t\t\t\t\t\t\t\t\t&nbsp;<\/div>\n<div>\n\t\t\t\t\t\t\t\t\t\tMetody aplikacji:<\/div>\n<\/p><\/div>\n<\/p><\/div>\n<\/p><\/div>\n<\/p><\/div>\n<\/p><\/div>\n<div class=\"row clearfix\">\n<div class=\"mtheme-cell-wrap\">\n<div class=\"mtheme-block mtheme-block-em_checklist span3 mtheme-first-cell \" data-width=\"3\" id=\"mtheme-block-20\">\n<div class=\"mtheme-cell-inner\">\n<div class=\"checklist\">\n<ul>\n<li>\n<div>\n\t\t\t\t\t\t\t\t\t\t\t\t<span>p\u0119dzel<\/span><\/div>\n<\/li>\n<li>\n<div>\n\t\t\t\t\t\t\t\t\t\t\t\t<span>wa\u0142ek<\/span><\/div>\n<\/li>\n<li>\n<div>\n\t\t\t\t\t\t\t\t\t\t\t\t<span>zanurzenie<br \/>\n\t\t\t\t\t\t\t\t\t\t\t\t<\/span><\/div>\n<\/li>\n<\/ul>\n<p>\n\t\t\t\t\t\t\t\t\t\t&nbsp;<\/p>\n<div>\n<p>\n\t\t\t\t\t\t\t\t\t\t\t&nbsp;<\/p>\n<p>\n\t\t\t\t\t\t\t\t\t\t\tPoni\u017cszy wzornik przedstawia dost\u0119pne gotowe kolory produktu*<\/p>\n<p>\n\t\t\t\t\t\t\t\t\t\t\t&nbsp;<\/p>\n<p>\n\t\t\t\t\t\t\t\t\t\t\t*kolor rzeczywisty mo\u017ce r&oacute;\u017cni\u0107 si\u0119 w zale\u017cno\u015bci od ustawie\u0144 monitora, u\u017cytego drewna oraz sposobu aplikacji<\/p>\n<\/p><\/div>\n<\/p><\/div>\n<\/p><\/div>\n<\/p><\/div>\n<\/p><\/div>\n<\/p><\/div>\n<\/p><\/div>\n<\/p><\/div>\n<\/p><\/div>\n<\/div>\n","protected":false},"excerpt":{"rendered":"<p>Koloryzuj\u0105cy impregnat lazuruj\u0105cy na bazie \u017cywic akrylowych.<\/p>\n","protected":false},"featured_media":10224,"template":"","meta":{"_acf_changed":false,"inline_featured_image":false},"product_brand":[],"product_cat":[128],"product_tag":[],"class_list":{"0":"post-350","1":"product","2":"type-product","3":"status-publish","4":"has-post-thumbnail","6":"product_cat-impregnat-do-drewna","8":"first","9":"outofstock","10":"taxable","11":"shipping-taxable","12":"product-type-simple"},"acf":[],"yoast_head":"<!-- This site is optimized with the Yoast SEO Premium plugin v27.3 (Yoast SEO v27.4) - https:\/\/yoast.com\/product\/yoast-seo-premium-wordpress\/ -->\n<title>KOOPMANS Aquachron - impregnat akrylowy do drewna - Drewno Esto\u0144skie<\/title>\n<meta name=\"robots\" content=\"index, follow, max-snippet:-1, max-image-preview:large, max-video-preview:-1\" \/>\n<link rel=\"canonical\" href=\"https:\/\/puidukoda.pl\/en\/produkt\/koopmans-aquachron-impregnat-akrylowy-do-drewna\/\" \/>\n<meta property=\"og:locale\" content=\"en_US\" \/>\n<meta property=\"og:type\" content=\"article\" \/>\n<meta property=\"og:title\" content=\"KOOPMANS Aquachron - impregnat akrylowy do drewna\" \/>\n<meta property=\"og:description\" content=\"Koloryzuj\u0105cy impregnat lazuruj\u0105cy na bazie \u017cywic akrylowych.\" \/>\n<meta property=\"og:url\" content=\"https:\/\/puidukoda.pl\/en\/produkt\/koopmans-aquachron-impregnat-akrylowy-do-drewna\/\" \/>\n<meta property=\"og:site_name\" content=\"Drewno Esto\u0144skie\" \/>\n<meta property=\"article:publisher\" content=\"https:\/\/www.facebook.com\/drewnoestonskie\" \/>\n<meta property=\"article:modified_time\" content=\"2025-06-03T10:13:05+00:00\" \/>\n<meta property=\"og:image\" content=\"https:\/\/puidukoda.pl\/wp-content\/uploads\/2025\/02\/1142.jpg\" \/>\n\t<meta property=\"og:image:width\" content=\"639\" \/>\n\t<meta property=\"og:image:height\" content=\"665\" \/>\n\t<meta property=\"og:image:type\" content=\"image\/jpeg\" \/>\n<meta name=\"twitter:card\" content=\"summary_large_image\" \/>\n<meta name=\"twitter:label1\" content=\"Est. reading time\" \/>\n\t<meta name=\"twitter:data1\" content=\"1 minute\" \/>\n<script type=\"application\/ld+json\" class=\"yoast-schema-graph\">{\"@context\":\"https:\\\/\\\/schema.org\",\"@graph\":[{\"@type\":\"WebPage\",\"@id\":\"https:\\\/\\\/puidukoda.pl\\\/en\\\/produkt\\\/koopmans-aquachron-impregnat-akrylowy-do-drewna\\\/\",\"url\":\"https:\\\/\\\/puidukoda.pl\\\/en\\\/produkt\\\/koopmans-aquachron-impregnat-akrylowy-do-drewna\\\/\",\"name\":\"KOOPMANS Aquachron - impregnat akrylowy do drewna - Drewno Esto\u0144skie\",\"isPartOf\":{\"@id\":\"https:\\\/\\\/puidukoda.pl\\\/en\\\/#website\"},\"primaryImageOfPage\":{\"@id\":\"https:\\\/\\\/puidukoda.pl\\\/en\\\/produkt\\\/koopmans-aquachron-impregnat-akrylowy-do-drewna\\\/#primaryimage\"},\"image\":{\"@id\":\"https:\\\/\\\/puidukoda.pl\\\/en\\\/produkt\\\/koopmans-aquachron-impregnat-akrylowy-do-drewna\\\/#primaryimage\"},\"thumbnailUrl\":\"https:\\\/\\\/puidukoda.pl\\\/wp-content\\\/uploads\\\/2025\\\/02\\\/1142.jpg\",\"datePublished\":\"2025-02-23T23:36:31+00:00\",\"dateModified\":\"2025-06-03T10:13:05+00:00\",\"breadcrumb\":{\"@id\":\"https:\\\/\\\/puidukoda.pl\\\/en\\\/produkt\\\/koopmans-aquachron-impregnat-akrylowy-do-drewna\\\/#breadcrumb\"},\"inLanguage\":\"en-US\",\"potentialAction\":[{\"@type\":\"ReadAction\",\"target\":[\"https:\\\/\\\/puidukoda.pl\\\/en\\\/produkt\\\/koopmans-aquachron-impregnat-akrylowy-do-drewna\\\/\"]}]},{\"@type\":\"ImageObject\",\"inLanguage\":\"en-US\",\"@id\":\"https:\\\/\\\/puidukoda.pl\\\/en\\\/produkt\\\/koopmans-aquachron-impregnat-akrylowy-do-drewna\\\/#primaryimage\",\"url\":\"https:\\\/\\\/puidukoda.pl\\\/wp-content\\\/uploads\\\/2025\\\/02\\\/1142.jpg\",\"contentUrl\":\"https:\\\/\\\/puidukoda.pl\\\/wp-content\\\/uploads\\\/2025\\\/02\\\/1142.jpg\",\"width\":639,\"height\":665},{\"@type\":\"BreadcrumbList\",\"@id\":\"https:\\\/\\\/puidukoda.pl\\\/en\\\/produkt\\\/koopmans-aquachron-impregnat-akrylowy-do-drewna\\\/#breadcrumb\",\"itemListElement\":[{\"@type\":\"ListItem\",\"position\":1,\"name\":\"Drewno esto\u0144skie\",\"item\":\"https:\\\/\\\/puidukoda.pl\\\/en\\\/\"},{\"@type\":\"ListItem\",\"position\":2,\"name\":\"Shop\",\"item\":\"https:\\\/\\\/puidukoda.pl\\\/en\\\/shop\\\/\"},{\"@type\":\"ListItem\",\"position\":3,\"name\":\"KOOPMANS Aquachron &#8211; impregnat akrylowy do drewna\"}]},{\"@type\":\"WebSite\",\"@id\":\"https:\\\/\\\/puidukoda.pl\\\/en\\\/#website\",\"url\":\"https:\\\/\\\/puidukoda.pl\\\/en\\\/\",\"name\":\"Drewno Esto\u0144skie\",\"description\":\"\",\"publisher\":{\"@id\":\"https:\\\/\\\/puidukoda.pl\\\/en\\\/#organization\"},\"potentialAction\":[{\"@type\":\"SearchAction\",\"target\":{\"@type\":\"EntryPoint\",\"urlTemplate\":\"https:\\\/\\\/puidukoda.pl\\\/en\\\/?s={search_term_string}\"},\"query-input\":{\"@type\":\"PropertyValueSpecification\",\"valueRequired\":true,\"valueName\":\"search_term_string\"}}],\"inLanguage\":\"en-US\"},{\"@type\":\"Organization\",\"@id\":\"https:\\\/\\\/puidukoda.pl\\\/en\\\/#organization\",\"name\":\"Drewno Esto\u0144skie\",\"url\":\"https:\\\/\\\/puidukoda.pl\\\/en\\\/\",\"logo\":{\"@type\":\"ImageObject\",\"inLanguage\":\"en-US\",\"@id\":\"https:\\\/\\\/puidukoda.pl\\\/en\\\/#\\\/schema\\\/logo\\\/image\\\/\",\"url\":\"https:\\\/\\\/puidukoda.pl\\\/wp-content\\\/uploads\\\/2024\\\/12\\\/puidukoda_polska_logo_v9.png\",\"contentUrl\":\"https:\\\/\\\/puidukoda.pl\\\/wp-content\\\/uploads\\\/2024\\\/12\\\/puidukoda_polska_logo_v9.png\",\"width\":1642,\"height\":357,\"caption\":\"Drewno Esto\u0144skie\"},\"image\":{\"@id\":\"https:\\\/\\\/puidukoda.pl\\\/en\\\/#\\\/schema\\\/logo\\\/image\\\/\"},\"sameAs\":[\"https:\\\/\\\/www.facebook.com\\\/drewnoestonskie\",\"https:\\\/\\\/www.instagram.com\\\/puidukodapolska\\\/\",\"https:\\\/\\\/www.facebook.com\\\/piszpuidukoda\",\"https:\\\/\\\/www.facebook.com\\\/zamoscpuidukoda\",\"https:\\\/\\\/www.facebook.com\\\/lublinpuidukoda\",\"https:\\\/\\\/www.facebook.com\\\/koninpuidukoda\"]}]}<\/script>\n<!-- \/ Yoast SEO Premium plugin. -->","yoast_head_json":{"title":"KOOPMANS Aquachron - impregnat akrylowy do drewna - Drewno Esto\u0144skie","robots":{"index":"index","follow":"follow","max-snippet":"max-snippet:-1","max-image-preview":"max-image-preview:large","max-video-preview":"max-video-preview:-1"},"canonical":"https:\/\/puidukoda.pl\/en\/produkt\/koopmans-aquachron-impregnat-akrylowy-do-drewna\/","og_locale":"en_US","og_type":"article","og_title":"KOOPMANS Aquachron - impregnat akrylowy do drewna","og_description":"Koloryzuj\u0105cy impregnat lazuruj\u0105cy na bazie \u017cywic akrylowych.","og_url":"https:\/\/puidukoda.pl\/en\/produkt\/koopmans-aquachron-impregnat-akrylowy-do-drewna\/","og_site_name":"Drewno Esto\u0144skie","article_publisher":"https:\/\/www.facebook.com\/drewnoestonskie","article_modified_time":"2025-06-03T10:13:05+00:00","og_image":[{"width":639,"height":665,"url":"https:\/\/puidukoda.pl\/wp-content\/uploads\/2025\/02\/1142.jpg","type":"image\/jpeg"}],"twitter_card":"summary_large_image","twitter_misc":{"Est. reading time":"1 minute"},"schema":{"@context":"https:\/\/schema.org","@graph":[{"@type":"WebPage","@id":"https:\/\/puidukoda.pl\/en\/produkt\/koopmans-aquachron-impregnat-akrylowy-do-drewna\/","url":"https:\/\/puidukoda.pl\/en\/produkt\/koopmans-aquachron-impregnat-akrylowy-do-drewna\/","name":"KOOPMANS Aquachron - impregnat akrylowy do drewna - Drewno Esto\u0144skie","isPartOf":{"@id":"https:\/\/puidukoda.pl\/en\/#website"},"primaryImageOfPage":{"@id":"https:\/\/puidukoda.pl\/en\/produkt\/koopmans-aquachron-impregnat-akrylowy-do-drewna\/#primaryimage"},"image":{"@id":"https:\/\/puidukoda.pl\/en\/produkt\/koopmans-aquachron-impregnat-akrylowy-do-drewna\/#primaryimage"},"thumbnailUrl":"https:\/\/puidukoda.pl\/wp-content\/uploads\/2025\/02\/1142.jpg","datePublished":"2025-02-23T23:36:31+00:00","dateModified":"2025-06-03T10:13:05+00:00","breadcrumb":{"@id":"https:\/\/puidukoda.pl\/en\/produkt\/koopmans-aquachron-impregnat-akrylowy-do-drewna\/#breadcrumb"},"inLanguage":"en-US","potentialAction":[{"@type":"ReadAction","target":["https:\/\/puidukoda.pl\/en\/produkt\/koopmans-aquachron-impregnat-akrylowy-do-drewna\/"]}]},{"@type":"ImageObject","inLanguage":"en-US","@id":"https:\/\/puidukoda.pl\/en\/produkt\/koopmans-aquachron-impregnat-akrylowy-do-drewna\/#primaryimage","url":"https:\/\/puidukoda.pl\/wp-content\/uploads\/2025\/02\/1142.jpg","contentUrl":"https:\/\/puidukoda.pl\/wp-content\/uploads\/2025\/02\/1142.jpg","width":639,"height":665},{"@type":"BreadcrumbList","@id":"https:\/\/puidukoda.pl\/en\/produkt\/koopmans-aquachron-impregnat-akrylowy-do-drewna\/#breadcrumb","itemListElement":[{"@type":"ListItem","position":1,"name":"Drewno esto\u0144skie","item":"https:\/\/puidukoda.pl\/en\/"},{"@type":"ListItem","position":2,"name":"Shop","item":"https:\/\/puidukoda.pl\/en\/shop\/"},{"@type":"ListItem","position":3,"name":"KOOPMANS Aquachron &#8211; impregnat akrylowy do drewna"}]},{"@type":"WebSite","@id":"https:\/\/puidukoda.pl\/en\/#website","url":"https:\/\/puidukoda.pl\/en\/","name":"Drewno Esto\u0144skie","description":"","publisher":{"@id":"https:\/\/puidukoda.pl\/en\/#organization"},"potentialAction":[{"@type":"SearchAction","target":{"@type":"EntryPoint","urlTemplate":"https:\/\/puidukoda.pl\/en\/?s={search_term_string}"},"query-input":{"@type":"PropertyValueSpecification","valueRequired":true,"valueName":"search_term_string"}}],"inLanguage":"en-US"},{"@type":"Organization","@id":"https:\/\/puidukoda.pl\/en\/#organization","name":"Drewno Esto\u0144skie","url":"https:\/\/puidukoda.pl\/en\/","logo":{"@type":"ImageObject","inLanguage":"en-US","@id":"https:\/\/puidukoda.pl\/en\/#\/schema\/logo\/image\/","url":"https:\/\/puidukoda.pl\/wp-content\/uploads\/2024\/12\/puidukoda_polska_logo_v9.png","contentUrl":"https:\/\/puidukoda.pl\/wp-content\/uploads\/2024\/12\/puidukoda_polska_logo_v9.png","width":1642,"height":357,"caption":"Drewno Esto\u0144skie"},"image":{"@id":"https:\/\/puidukoda.pl\/en\/#\/schema\/logo\/image\/"},"sameAs":["https:\/\/www.facebook.com\/drewnoestonskie","https:\/\/www.instagram.com\/puidukodapolska\/","https:\/\/www.facebook.com\/piszpuidukoda","https:\/\/www.facebook.com\/zamoscpuidukoda","https:\/\/www.facebook.com\/lublinpuidukoda","https:\/\/www.facebook.com\/koninpuidukoda"]}]}},"_links":{"self":[{"href":"https:\/\/puidukoda.pl\/en\/wp-json\/wp\/v2\/product\/350","targetHints":{"allow":["GET"]}}],"collection":[{"href":"https:\/\/puidukoda.pl\/en\/wp-json\/wp\/v2\/product"}],"about":[{"href":"https:\/\/puidukoda.pl\/en\/wp-json\/wp\/v2\/types\/product"}],"version-history":[{"count":1,"href":"https:\/\/puidukoda.pl\/en\/wp-json\/wp\/v2\/product\/350\/revisions"}],"predecessor-version":[{"id":10228,"href":"https:\/\/puidukoda.pl\/en\/wp-json\/wp\/v2\/product\/350\/revisions\/10228"}],"wp:featuredmedia":[{"embeddable":true,"href":"https:\/\/puidukoda.pl\/en\/wp-json\/wp\/v2\/media\/10224"}],"wp:attachment":[{"href":"https:\/\/puidukoda.pl\/en\/wp-json\/wp\/v2\/media?parent=350"}],"wp:term":[{"taxonomy":"product_brand","embeddable":true,"href":"https:\/\/puidukoda.pl\/en\/wp-json\/wp\/v2\/product_brand?post=350"},{"taxonomy":"product_cat","embeddable":true,"href":"https:\/\/puidukoda.pl\/en\/wp-json\/wp\/v2\/product_cat?post=350"},{"taxonomy":"product_tag","embeddable":true,"href":"https:\/\/puidukoda.pl\/en\/wp-json\/wp\/v2\/product_tag?post=350"}],"curies":[{"name":"wp","href":"https:\/\/api.w.org\/{rel}","templated":true}]}}